{"id":3654,"date":"2024-05-13T14:40:51","date_gmt":"2024-05-13T17:40:51","guid":{"rendered":"https:\/\/www.homemade.com.br\/nectar-de-datiles\/"},"modified":"2025-01-30T12:55:34","modified_gmt":"2025-01-30T15:55:34","slug":"nectar-de-datil","status":"publish","type":"page","link":"https:\/\/www.homemade.com.br\/es\/nectar-de-datil\/","title":{"rendered":"N\u00e9ctar de D\u00e1til"},"content":{"rendered":"<p>[vc_row top_padding=\u00bb40&#8243;][vc_column width=\u00bb1\/1&#8243;]<h3 class=\"headline font-inherit fontsize-inherit fontweight-inherit lh-inherit align-center transform-inherit titulo-2\" style=\"margin: 0 0 20px 0; color: #991b1e;\">N\u00e9ctar de d\u00e1til<\/h3>[\/vc_column][\/vc_row][vc_row top_padding=\u00bb20&#8243; bottom_padding=\u00bb110&#8243;][vc_column animation=\u00bbfade-in\u00bb width=\u00bb4\/6&#8243; delay=\u00bb300&#8243;][vc_column_text css_animation=\u00bbfadeIn\u00bb el_class=\u00bbdescri-int-prod\u00bb]<\/p>\n<p style=\"text-align: center;\">\u00a1Prep\u00e1rate para endulzar tu vida de una manera completamente nueva! \u00a1<\/p>\n<p style=\"text-align: center;\">Te presentamos el \u00faltimo integrante de Homemade: el N\u00e9ctar de D\u00e1til! Vegano, natural y lleno de beneficios, este n\u00e9ctar es la elecci\u00f3n perfecta para aquellos que buscan endulzar la vida de manera consciente.<\/p>\n<p style=\"text-align: center;\">En un pr\u00e1ctico tubo de 280g, este n\u00e9ctar se convierte en tu aliado diario en la b\u00fasqueda de una vida m\u00e1s saludable, ideal para reemplazar el az\u00facar. \u00a1Endulza tus d\u00edas de manera consciente y deliciosamente \u00fanica!<\/p>\n<p>[\/vc_column_text][\/vc_column][vc_column animation=\u00bbfade-in\u00bb width=\u00bb1\/3&#8243; delay=\u00bb300&#8243;]<div class=\"imagebox wpb_content_element style-1\"><div class=\"imagebox-img\"><img decoding=\"async\" src=\"https:\/\/www.homemade.com.br\/wp-content\/uploads\/2025\/01\/nectar-tamara-espanhol.jpg\" alt=\"\" \/><\/div><\/div>[\/vc_column][\/vc_row][vc_row][vc_column width=\u00bb1\/1&#8243;]<h3 class=\"headline font-inherit fontsize-inherit fontweight-inherit lh-inherit align-center transform-inherit titulo-2 ti-prod\" style=\"margin: 0 0 20px 0; color: #991b1e;\">N\u00e9ctar de d\u00e1til<\/h3>[\/vc_column][\/vc_row][vc_row top_padding=\u00bb30&#8243; bottom_padding=\u00bb40&#8243; class=\u00bbbox-prod-list centprod\u00bb][vc_column width=\u00bb1\/4&#8243;]<div class=\"imagebox wpb_content_element style-1\"><div class=\"imagebox-img\"><a href='https:\/\/www.homemade.com.br\/wp-content\/uploads\/2024\/05\/tamara.jpg'><img decoding=\"async\" src=\"https:\/\/www.homemade.com.br\/wp-content\/uploads\/2024\/05\/tamara.jpg\" alt=\"\" \/><\/a><\/div>\n<p style=\"text-align: center;\">N\u00e9ctar de D\u00e1til<\/p>\n<\/div>[\/vc_column][\/vc_row]<\/p>\n","protected":false},"excerpt":{"rendered":"<p>[vc_row top_padding=\u00bb40&#8243;][vc_column width=\u00bb1\/1&#8243;][\/vc_column][\/vc_row][vc_row top_padding=\u00bb20&#8243; bottom_padding=\u00bb110&#8243;][vc_column animation=\u00bbfade-in\u00bb width=\u00bb4\/6&#8243; delay=\u00bb300&#8243;][vc_column_text css_animation=\u00bbfadeIn\u00bb el_class=\u00bbdescri-int-prod\u00bb] \u00a1Prep\u00e1rate para endulzar tu vida de una manera completamente nueva! \u00a1 Te presentamos el \u00faltimo integrante de Homemade: el N\u00e9ctar de D\u00e1til! Vegano, natural y lleno de beneficios, este n\u00e9ctar es la elecci\u00f3n perfecta para aquellos que buscan endulzar la vida de manera consciente. En un pr\u00e1ctico tubo de 280g, este n\u00e9ctar se convierte en tu aliado diario en la b\u00fasqueda de una vida m\u00e1s saludable, ideal para reemplazar el az\u00facar. \u00a1Endulza tus d\u00edas de manera consciente y deliciosamente \u00fanica! [\/vc_column_text][\/vc_column][vc_column animation=\u00bbfade-in\u00bb width=\u00bb1\/3&#8243; delay=\u00bb300&#8243;][\/vc_column][\/vc_row][vc_row][vc_column width=\u00bb1\/1&#8243;][\/vc_column][\/vc_row][vc_row top_padding=\u00bb30&#8243; bottom_padding=\u00bb40&#8243; class=\u00bbbox-prod-list centprod\u00bb][vc_column width=\u00bb1\/4&#8243;][\/vc_column][\/vc_row]<\/p>\n","protected":false},"author":1,"featured_media":0,"parent":0,"menu_order":0,"comment_status":"closed","ping_status":"closed","template":"","meta":{"footnotes":""},"class_list":["post-3654","page","type-page","status-publish","hentry"],"_links":{"self":[{"href":"https:\/\/www.homemade.com.br\/es\/wp-json\/wp\/v2\/pages\/3654","targetHints":{"allow":["GET"]}}],"collection":[{"href":"https:\/\/www.homemade.com.br\/es\/wp-json\/wp\/v2\/pages"}],"about":[{"href":"https:\/\/www.homemade.com.br\/es\/wp-json\/wp\/v2\/types\/page"}],"author":[{"embeddable":true,"href":"https:\/\/www.homemade.com.br\/es\/wp-json\/wp\/v2\/users\/1"}],"replies":[{"embeddable":true,"href":"https:\/\/www.homemade.com.br\/es\/wp-json\/wp\/v2\/comments?post=3654"}],"version-history":[{"count":9,"href":"https:\/\/www.homemade.com.br\/es\/wp-json\/wp\/v2\/pages\/3654\/revisions"}],"predecessor-version":[{"id":4198,"href":"https:\/\/www.homemade.com.br\/es\/wp-json\/wp\/v2\/pages\/3654\/revisions\/4198"}],"wp:attachment":[{"href":"https:\/\/www.homemade.com.br\/es\/wp-json\/wp\/v2\/media?parent=3654"}],"curies":[{"name":"wp","href":"https:\/\/api.w.org\/{rel}","templated":true}]}}