{"id":3361,"date":"2023-05-08T11:34:13","date_gmt":"2023-05-08T14:34:13","guid":{"rendered":"https:\/\/www.homemade.com.br\/gelatina-antipasto\/"},"modified":"2025-05-28T07:32:39","modified_gmt":"2025-05-28T10:32:39","slug":"gelatina-antipasto","status":"publish","type":"page","link":"https:\/\/www.homemade.com.br\/es\/gelatina-antipasto\/","title":{"rendered":"Antipasti"},"content":{"rendered":"<p>[vc_row top_padding=\u00bb30&#8243;][vc_column width=\u00bb1\/1&#8243;]<h3 class=\"headline font-inherit fontsize-inherit fontweight-inherit lh-inherit align-center transform-inherit titulo-2\" style=\"margin: 0 0 20px 0; color: #991b1e;\">Antipasti<\/h3>[\/vc_column][\/vc_row][vc_row bottom_padding=\u00bb50&#8243;][vc_column animation=\u00bbfade-in\u00bb width=\u00bb4\/6&#8243; delay=\u00bb300&#8243;][vc_column_text css_animation=\u00bbfadeIn\u00bb el_class=\u00bbdescri-int-prod\u00bb]<\/p>\n<p style=\"text-align: center;\"><span style=\"font-weight: 400;\">Para crear la nueva l\u00ednea Antipasti, nos inspiramos en las tierras del Mediterr\u00e1neo, ba\u00f1adas por el sol y por el clima peculiar, donde se cultivan deliciosas verduras y se utilizan en recetas ancestrales.<\/span><\/p>\n<p style=\"text-align: center;\"><span style=\"font-weight: 400;\">Llena de sabores, colores y basada en ingredientes \u00fanicos, saludables y ricos, esta combinaci\u00f3n es perfecta para productos que son apreciados en todo el mundo.<\/span><\/p>\n<p style=\"text-align: center;\"><span style=\"font-weight: 400;\">La l\u00ednea Antipasti est\u00e1 disponible en 4 sabores: Tomate Seco, Aceitunas Verdes y Aceitunas Negras.<\/span><\/p>\n<p>[\/vc_column_text][\/vc_column][vc_column animation=\u00bbfade-in\u00bb width=\u00bb1\/3&#8243; delay=\u00bb300&#8243;]<div class=\"imagebox wpb_content_element style-1\"><div class=\"imagebox-img\"><img decoding=\"async\" src=\"https:\/\/www.homemade.com.br\/wp-content\/uploads\/2024\/12\/antipasti-2.jpg\" alt=\"\" \/><\/div><\/div>[\/vc_column][\/vc_row][vc_row type=\u00bbfull_width_section\u00bb top_padding=\u00bb40&#8243;][vc_column width=\u00bb1\/1&#8243;]<h3 class=\"headline font-inherit fontsize-inherit fontweight-inherit lh-inherit align-center transform-inherit titulo-2 ti-prod\" style=\"margin: 0 0 20px 0; color: #991b1e;\">Sabores<\/h3>[\/vc_column][\/vc_row][vc_row top_padding=\u00bb30&#8243; bottom_padding=\u00bb40&#8243; class=\u00bbbox-prod-list\u00bb][vc_column width=\u00bb1\/3&#8243;]<div class=\"imagebox wpb_content_element style-1\"><div class=\"imagebox-img\"><a href='https:\/\/www.homemade.com.br\/wp-content\/uploads\/2024\/01\/antipasti-tomate-seco.jpg'><img decoding=\"async\" src=\"https:\/\/www.homemade.com.br\/wp-content\/uploads\/2024\/01\/antipasti-tomate-seco.jpg\" alt=\"\" \/><\/a><\/div>\n<p style=\"text-align: center;\">Antipasti de tomate seco<\/p>\n<\/div>[\/vc_column][vc_column width=\u00bb1\/3&#8243;]<div class=\"imagebox wpb_content_element style-1\"><div class=\"imagebox-img\"><a href='https:\/\/www.homemade.com.br\/wp-content\/uploads\/2024\/01\/antipasti-azeitonas-verdes.jpg'><img decoding=\"async\" src=\"https:\/\/www.homemade.com.br\/wp-content\/uploads\/2024\/01\/antipasti-azeitonas-verdes.jpg\" alt=\"\" \/><\/a><\/div>\n<p style=\"text-align: center;\">Antipasti de aceitunas verdes<\/p>\n<\/div>[\/vc_column][vc_column width=\u00bb1\/3&#8243;]<div class=\"imagebox wpb_content_element style-1\"><div class=\"imagebox-img\"><a href='https:\/\/www.homemade.com.br\/wp-content\/uploads\/2024\/01\/antipasti-azeitonas-pretas.jpg'><img decoding=\"async\" src=\"https:\/\/www.homemade.com.br\/wp-content\/uploads\/2024\/01\/antipasti-azeitonas-pretas.jpg\" alt=\"\" \/><\/a><\/div>\n<p style=\"text-align: center;\">Antipasti de aceitunas negras<\/p>\n<\/div>[\/vc_column][\/vc_row]<\/p>\n","protected":false},"excerpt":{"rendered":"<p>[vc_row top_padding=\u00bb30&#8243;][vc_column width=\u00bb1\/1&#8243;][\/vc_column][\/vc_row][vc_row bottom_padding=\u00bb50&#8243;][vc_column animation=\u00bbfade-in\u00bb width=\u00bb4\/6&#8243; delay=\u00bb300&#8243;][vc_column_text css_animation=\u00bbfadeIn\u00bb el_class=\u00bbdescri-int-prod\u00bb] Para crear la nueva l\u00ednea Antipasti, nos inspiramos en las tierras del Mediterr\u00e1neo, ba\u00f1adas por el sol y por el clima peculiar, donde se cultivan deliciosas verduras y se utilizan en recetas ancestrales. Llena de sabores, colores y basada en ingredientes \u00fanicos, saludables y ricos, esta combinaci\u00f3n es perfecta para productos que son apreciados en todo el mundo. La l\u00ednea Antipasti est\u00e1 disponible en 4 sabores: Tomate Seco, Aceitunas Verdes y Aceitunas Negras. [\/vc_column_text][\/vc_column][vc_column animation=\u00bbfade-in\u00bb width=\u00bb1\/3&#8243; delay=\u00bb300&#8243;][\/vc_column][\/vc_row][vc_row type=\u00bbfull_width_section\u00bb top_padding=\u00bb40&#8243;][vc_column width=\u00bb1\/1&#8243;][\/vc_column][\/vc_row][vc_row top_padding=\u00bb30&#8243; bottom_padding=\u00bb40&#8243; class=\u00bbbox-prod-list\u00bb][vc_column width=\u00bb1\/3&#8243;][\/vc_column][vc_column width=\u00bb1\/3&#8243;][\/vc_column][vc_column width=\u00bb1\/3&#8243;][\/vc_column][\/vc_row]<\/p>\n","protected":false},"author":1,"featured_media":0,"parent":0,"menu_order":0,"comment_status":"closed","ping_status":"closed","template":"","meta":{"footnotes":""},"class_list":["post-3361","page","type-page","status-publish","hentry"],"_links":{"self":[{"href":"https:\/\/www.homemade.com.br\/es\/wp-json\/wp\/v2\/pages\/3361","targetHints":{"allow":["GET"]}}],"collection":[{"href":"https:\/\/www.homemade.com.br\/es\/wp-json\/wp\/v2\/pages"}],"about":[{"href":"https:\/\/www.homemade.com.br\/es\/wp-json\/wp\/v2\/types\/page"}],"author":[{"embeddable":true,"href":"https:\/\/www.homemade.com.br\/es\/wp-json\/wp\/v2\/users\/1"}],"replies":[{"embeddable":true,"href":"https:\/\/www.homemade.com.br\/es\/wp-json\/wp\/v2\/comments?post=3361"}],"version-history":[{"count":20,"href":"https:\/\/www.homemade.com.br\/es\/wp-json\/wp\/v2\/pages\/3361\/revisions"}],"predecessor-version":[{"id":4295,"href":"https:\/\/www.homemade.com.br\/es\/wp-json\/wp\/v2\/pages\/3361\/revisions\/4295"}],"wp:attachment":[{"href":"https:\/\/www.homemade.com.br\/es\/wp-json\/wp\/v2\/media?parent=3361"}],"curies":[{"name":"wp","href":"https:\/\/api.w.org\/{rel}","templated":true}]}}