{"id":3236,"date":"2022-07-28T10:04:40","date_gmt":"2022-07-28T13:04:40","guid":{"rendered":"https:\/\/www.homemade.com.br\/?page_id=3236"},"modified":"2026-01-15T16:27:00","modified_gmt":"2026-01-15T19:27:00","slug":"premios-y-certificaciones","status":"publish","type":"page","link":"https:\/\/www.homemade.com.br\/es\/premios-y-certificaciones\/","title":{"rendered":"Premios y Certificaciones"},"content":{"rendered":"<p>[vc_row bg_color=\u00bb#8a020c\u00bb top_padding=\u00bb05&#8243; row_id=\u00bbpremios-e-certificacoes\u00bb][vc_column el_class=\u00bbblock-premios\u00bb animation=\u00bbfade-in-from-top\u00bb width=\u00bb1\/1&#8243; delay=\u00bb500&#8243;]<h3 class=\"headline font-inherit fontsize-inherit fontweight-inherit lh-inherit align-center transform-inherit titulo-3\" style=\"margin: 24px 0 31px 0; color: #ffffff;\">Premios y Certificaciones<\/h3><div class=\"single_image wpb_content_element align-center  animate   block-img-homemade\" data-animation=\"fade-in-from-top\" data-delay=\"780\"><img loading=\"lazy\" decoding=\"async\" width=\"1942\" height=\"248\" src=\"https:\/\/www.homemade.com.br\/wp-content\/uploads\/2021\/05\/tit-homemade.jpg\" class=\"attachment-full\" alt=\"\" srcset=\"https:\/\/www.homemade.com.br\/wp-content\/uploads\/2021\/05\/tit-homemade-300x38.jpg 300w, https:\/\/www.homemade.com.br\/wp-content\/uploads\/2021\/05\/tit-homemade-768x98.jpg 768w, https:\/\/www.homemade.com.br\/wp-content\/uploads\/2021\/05\/tit-homemade-1024x131.jpg 1024w, https:\/\/www.homemade.com.br\/wp-content\/uploads\/2021\/05\/tit-homemade-1536x196.jpg 1536w, https:\/\/www.homemade.com.br\/wp-content\/uploads\/2021\/05\/tit-homemade.jpg 1942w\" sizes=\"auto, (max-width: 380px) 19.56745623069vw,(max-width: 500px) 25.746652935118vw,(max-width: 660px) 33.985581874356vw,(max-width: 800px) 41.194644696189vw,1942px\" \/><\/div>[\/vc_column][\/vc_row][vc_row bg_color=\u00bb#8a020c\u00bb bottom_padding=\u00bb40&#8243;][vc_column animation=\u00bbfade-in-from-left\u00bb width=\u00bb1\/2&#8243; delay=\u00bb550&#8243;][vc_column_text css_animation=\u00bbfadeIn\u00bb el_class=\u00bbdescricao2 mb-10&#8243;]<\/p>\n<p style=\"text-align: center;\"><strong>ETIQUETA DE ENERG\u00cdA LIMPIA<\/strong><\/p>\n<p>[\/vc_column_text]<div class=\"spacer\" style=\"height: 20px;\"><\/div><div class=\"single_image wpb_content_element align-center  image_box_rounded  \" data-animation=\"none\" data-delay=\"0\"><img loading=\"lazy\" decoding=\"async\" class=\"\" src=\"https:\/\/www.homemade.com.br\/wp-content\/uploads\/2025\/12\/selo-gedisa.png\" width=\"260\" height=\"100\" alt=\"selo-gedisa\" title=\"selo-gedisa\" \/><\/div><div class=\"spacer\" style=\"height: 20px;\"><\/div>[vc_column_text css_animation=\u00bbfadeIn\u00bb el_class=\u00bbdescricao2 aj-cerr justificado\u00bb]Homemade se enorgullece de recibir el Sello de Energ\u00eda Limpia de Gedisa, que certifica el uso de fuentes de energ\u00eda renovables en toda nuestra f\u00e1brica y refuerza nuestro compromiso con pr\u00e1cticas responsables. Con energ\u00eda 100 % limpia en todo el proceso, damos un paso m\u00e1s en nuestra misi\u00f3n de producir productos de excelencia de forma consciente. El Sello de Energ\u00eda Limpia de Gedisa reafirma nuestra dedicaci\u00f3n a adoptar soluciones que benefician no solo a los consumidores, sino tambi\u00e9n al futuro del planeta.[\/vc_column_text][\/vc_column][vc_column animation=\u00bbfade-in-from-bottom\u00bb width=\u00bb1\/2&#8243; delay=\u00bb580&#8243;][vc_column_text css_animation=\u00bbfadeIn\u00bb el_class=\u00bbdescricao2 mb-10&#8243;]<\/p>\n<p style=\"text-align: center;\"><strong>PREMIO PALADAR<\/strong><\/p>\n<p>[\/vc_column_text]<div class=\"single_image wpb_content_element align-center    resize-circle-100\" data-animation=\"none\" data-delay=\"0\"><img loading=\"lazy\" decoding=\"async\" width=\"288\" height=\"295\" src=\"https:\/\/www.homemade.com.br\/wp-content\/uploads\/2025\/12\/geleia-paladar.png\" class=\"attachment-full\" alt=\"\" \/><\/div>[vc_column_text css_animation=\u00bbfadeIn\u00bb el_class=\u00bbdescricao2 aj-cerr justificado\u00bb]Homemade celebra otro logro: nuestra Mermelada de Pimiento Picante fue elegida la mejor del mercado en 2025 por la revista Paladar, de Estad\u00e3o, recibiendo el Sello de Oro entre 12 marcas evaluadas. Seg\u00fan el jurado de Paladar, la mermelada se destac\u00f3 por su textura agradable y por el equilibrio entre el picante y el dulzor, caracter\u00edsticas que la consolidan como referencia nacional.[\/vc_column_text][\/vc_column][\/vc_row][vc_row bg_color=\u00bb#8a020c\u00bb bottom_padding=\u00bb40&#8243;][vc_column animation=\u00bbfade-in-from-left\u00bb width=\u00bb1\/4&#8243; delay=\u00bb550&#8243;][vc_column_text css_animation=\u00bbfadeIn\u00bb el_class=\u00bbdescricao2&#8243;]<\/p>\n<p style=\"text-align: center;\"><strong>CERTIFICADO ORG\u00c1NICO<\/strong><\/p>\n<p>[\/vc_column_text][vc_column_text css_animation=\u00bbfadeIn\u00bb el_class=\u00bbdescricao2 aj-cerr justificado\u00bb]<\/p>\n<p style=\"text-align: left;\">La Miel Ecol\u00f3gica Casera y la Jalea Casera de A\u00e7a\u00ed y Pl\u00e1tano est\u00e1n certificadas como ecol\u00f3gicas.<br \/>\nEl sello ecol\u00f3gico proporcionado por IBD Certificaciones (el mayor autentificador del sector en Am\u00e9rica Latina) est\u00e1 reconocido en todo el mundo y legitima la conformidad de la producci\u00f3n de Miel Ecol\u00f3gica Casera con las normas internacionales de ausencia de productos qu\u00edmicos y reducci\u00f3n de da\u00f1os medioambientales.<\/p>\n<p>[\/vc_column_text]<div class=\"single_image wpb_content_element align-center    \" data-animation=\"none\" data-delay=\"0\"><img loading=\"lazy\" decoding=\"async\" class=\"\" src=\"https:\/\/www.homemade.com.br\/wp-content\/uploads\/2021\/06\/Selo-Certificacao-Organico-170x80.png\" width=\"170\" height=\"80\" alt=\"Selo-Certificacao-Organico\" title=\"Selo-Certificacao-Organico\" \/><\/div>[\/vc_column][vc_column animation=\u00bbfade-in-from-bottom\u00bb width=\u00bb1\/2&#8243; delay=\u00bb580&#8243;][vc_column_text css_animation=\u00bbfadeIn\u00bb el_class=\u00bbdescricao2&#8243;]<\/p>\n<p style=\"text-align: center;\"><strong>EMBALAJE DE PREMIO<\/strong><\/p>\n<p>[\/vc_column_text][vc_column_text css_animation=\u00bbfadeIn\u00bb el_class=\u00bbdescricao2 aj-cerr justificado\u00bb]<\/p>\n<p style=\"text-align: left;\">HOMEMADE es \u00abOro\u00bb<br \/>\nEn 2012, HOMEMADE particip\u00f3 brillantemente en la fiesta de ABRE, la Asociaci\u00f3n Brasile\u00f1a de Embalaje, que concede anualmente el \u00abPremio ABRE\u00bb institucional, reconocido internacionalmente por premiar con \u00abOro\u00bb, \u00abPlata\u00bb y \u00abBronce\u00bb a los tres embalajes m\u00e1s destacados en su categor\u00eda en el a\u00f1o respectivo. La Asociaci\u00f3n busca demostrar que un buen empaque es fundamental para todo tipo de productos, brindando calidad de vida a las personas.<\/p>\n<p style=\"text-align: left;\">Este a\u00f1o, HECHO EN CASA estuvo nominado en las categor\u00edas \u201cEnvasado de Alimentos Dulces\u201d, en la que obtuvo mayor protagonismo, siendo galardonada con el premio \u201cOro\u201d. Tambi\u00e9n fue nominado en las categor\u00edas de \u00abDise\u00f1o Gr\u00e1fico &#8211; Redise\u00f1o de Alimentos y Bebidas\u00bb, \u00abDise\u00f1o Estructural de Formas\u00bb y \u00abMarketing &#8211; Estrategia de Comunicaci\u00f3n\u00bb, en las que recibi\u00f3 el premio \u00abPlata\u00bb.<br \/>\nHOMEMADE se enorgullece de poder ofrecer a sus consumidores lo mejor en sabor y calidad en un envase exclusivo con un dise\u00f1o distintivo y moderno.<br \/>\nPara m\u00e1s informaci\u00f3n sobre el \u00abPremio ABRE\u00bb, visita: <a href=\"http:\/\/www.premioabre.org.br\" target=\"_blank\" rel=\"noopener\">www.premioabre.org.br.<\/a><\/p>\n<p>[\/vc_column_text]<div class=\"single_image wpb_content_element align-center    \" data-animation=\"none\" data-delay=\"0\"><img loading=\"lazy\" decoding=\"async\" width=\"175\" height=\"295\" src=\"https:\/\/www.homemade.com.br\/wp-content\/uploads\/2021\/06\/embalagem.jpg\" class=\"attachment-full\" alt=\"\" srcset=\"https:\/\/www.homemade.com.br\/wp-content\/uploads\/2021\/06\/embalagem-80x80@2x.jpg 95w, https:\/\/www.homemade.com.br\/wp-content\/uploads\/2021\/06\/embalagem.jpg 175w\" sizes=\"auto, (max-width: 380px) 217.14285714286vw,(max-width: 500px) 285.71428571429vw,(max-width: 660px) 377.14285714286vw,(max-width: 800px) 457.14285714286vw,175px\" \/><\/div>[\/vc_column][vc_column animation=\u00bbfade-in-from-right\u00bb width=\u00bb1\/4&#8243; delay=\u00bb600&#8243;][vc_column_text css_animation=\u00bbfadeIn\u00bb el_class=\u00bbdescricao2&#8243;]<\/p>\n<p style=\"text-align: center;\"><strong>CERTIFICADO KOSHER<\/strong><\/p>\n<p>[\/vc_column_text][vc_column_text css_animation=\u00bbfadeIn\u00bb el_class=\u00bbdescricao2 aj-cerr justificado\u00bb]<\/p>\n<p style=\"text-align: left;\">Los productos HOMEMADE tienen el certificado Kosher.<br \/>\nEste certificado est\u00e1 reconocido en todo el mundo como sin\u00f3nimo de m\u00e1ximo control de la producci\u00f3n y se obtiene mediante una inspecci\u00f3n constante y minuciosa del proceso de producci\u00f3n, de las instalaciones de la empresa y del control de cada proveedor de las materias primas utilizadas por HOMEMADE.<\/p>\n<p>[\/vc_column_text]<div class=\"single_image wpb_content_element align-center    \" data-animation=\"none\" data-delay=\"0\"><img loading=\"lazy\" decoding=\"async\" class=\"\" src=\"https:\/\/www.homemade.com.br\/wp-content\/uploads\/2021\/06\/logo_bdk-footer-150x70.jpg\" width=\"150\" height=\"70\" alt=\"logo_bdk-footer\" title=\"logo_bdk-footer\" \/><\/div>[\/vc_column][\/vc_row]<\/p>\n","protected":false},"excerpt":{"rendered":"<p>[vc_row bg_color=\u00bb#8a020c\u00bb top_padding=\u00bb05&#8243; row_id=\u00bbpremios-e-certificacoes\u00bb][vc_column el_class=\u00bbblock-premios\u00bb animation=\u00bbfade-in-from-top\u00bb width=\u00bb1\/1&#8243; delay=\u00bb500&#8243;][\/vc_column][\/vc_row][vc_row bg_color=\u00bb#8a020c\u00bb bottom_padding=\u00bb40&#8243;][vc_column animation=\u00bbfade-in-from-left\u00bb width=\u00bb1\/2&#8243; delay=\u00bb550&#8243;][vc_column_text css_animation=\u00bbfadeIn\u00bb el_class=\u00bbdescricao2 mb-10&#8243;] ETIQUETA DE ENERG\u00cdA LIMPIA [\/vc_column_text][vc_column_text css_animation=\u00bbfadeIn\u00bb el_class=\u00bbdescricao2 aj-cerr justificado\u00bb]Homemade se enorgullece de recibir el Sello de Energ\u00eda Limpia de Gedisa, que certifica el uso de fuentes de energ\u00eda renovables en toda nuestra f\u00e1brica y refuerza nuestro compromiso con pr\u00e1cticas responsables. Con energ\u00eda 100 % limpia en todo el proceso, damos un paso m\u00e1s en nuestra misi\u00f3n de producir productos de excelencia de forma consciente. El Sello de Energ\u00eda Limpia de Gedisa reafirma nuestra dedicaci\u00f3n a adoptar soluciones que benefician no solo a los consumidores, sino tambi\u00e9n al futuro del planeta.[\/vc_column_text][\/vc_column][vc_column animation=\u00bbfade-in-from-bottom\u00bb width=\u00bb1\/2&#8243; delay=\u00bb580&#8243;][vc_column_text css_animation=\u00bbfadeIn\u00bb el_class=\u00bbdescricao2 mb-10&#8243;] PREMIO PALADAR [\/vc_column_text][vc_column_text css_animation=\u00bbfadeIn\u00bb el_class=\u00bbdescricao2 aj-cerr justificado\u00bb]Homemade celebra otro logro: nuestra Mermelada de Pimiento Picante fue elegida la mejor del mercado en 2025 por la revista Paladar, de Estad\u00e3o, recibiendo el Sello de Oro entre 12 marcas evaluadas. Seg\u00fan el jurado de Paladar, la mermelada se destac\u00f3 por su textura agradable y por el equilibrio entre el picante y el dulzor, caracter\u00edsticas que la consolidan como referencia nacional.[\/vc_column_text][\/vc_column][\/vc_row][vc_row bg_color=\u00bb#8a020c\u00bb bottom_padding=\u00bb40&#8243;][vc_column animation=\u00bbfade-in-from-left\u00bb width=\u00bb1\/4&#8243; delay=\u00bb550&#8243;][vc_column_text css_animation=\u00bbfadeIn\u00bb el_class=\u00bbdescricao2&#8243;] CERTIFICADO ORG\u00c1NICO [\/vc_column_text][vc_column_text css_animation=\u00bbfadeIn\u00bb el_class=\u00bbdescricao2 aj-cerr justificado\u00bb] La Miel Ecol\u00f3gica Casera y la [&hellip;]<\/p>\n","protected":false},"author":1,"featured_media":0,"parent":0,"menu_order":0,"comment_status":"closed","ping_status":"closed","template":"","meta":{"footnotes":""},"class_list":["post-3236","page","type-page","status-publish","hentry"],"_links":{"self":[{"href":"https:\/\/www.homemade.com.br\/es\/wp-json\/wp\/v2\/pages\/3236","targetHints":{"allow":["GET"]}}],"collection":[{"href":"https:\/\/www.homemade.com.br\/es\/wp-json\/wp\/v2\/pages"}],"about":[{"href":"https:\/\/www.homemade.com.br\/es\/wp-json\/wp\/v2\/types\/page"}],"author":[{"embeddable":true,"href":"https:\/\/www.homemade.com.br\/es\/wp-json\/wp\/v2\/users\/1"}],"replies":[{"embeddable":true,"href":"https:\/\/www.homemade.com.br\/es\/wp-json\/wp\/v2\/comments?post=3236"}],"version-history":[{"count":19,"href":"https:\/\/www.homemade.com.br\/es\/wp-json\/wp\/v2\/pages\/3236\/revisions"}],"predecessor-version":[{"id":4394,"href":"https:\/\/www.homemade.com.br\/es\/wp-json\/wp\/v2\/pages\/3236\/revisions\/4394"}],"wp:attachment":[{"href":"https:\/\/www.homemade.com.br\/es\/wp-json\/wp\/v2\/media?parent=3236"}],"curies":[{"name":"wp","href":"https:\/\/api.w.org\/{rel}","templated":true}]}}