{"id":2780,"date":"2021-01-28T12:27:27","date_gmt":"2021-01-28T15:27:27","guid":{"rendered":"https:\/\/www.homemade.com.br\/melaza-de-cana\/"},"modified":"2024-12-20T18:41:09","modified_gmt":"2024-12-20T21:41:09","slug":"melaza-de-cana","status":"publish","type":"page","link":"https:\/\/www.homemade.com.br\/es\/melaza-de-cana\/","title":{"rendered":"Melaza de Ca\u00f1a"},"content":{"rendered":"<p>[vc_row top_padding=\u00bb40&#8243;][vc_column width=\u00bb1\/1&#8243;]<h3 class=\"headline font-inherit fontsize-inherit fontweight-inherit lh-inherit align-center transform-inherit titulo-2\" style=\"margin: 0 0 20px 0; color: #991b1e;\">Melaza de Ca\u00f1a<\/h3>[\/vc_column][\/vc_row][vc_row bottom_padding=\u00bb50&#8243;][vc_column animation=\u00bbfade-in\u00bb width=\u00bb4\/6&#8243; delay=\u00bb300&#8243;][vc_column_text css_animation=\u00bbfadeIn\u00bb el_class=\u00bbdescri-int-prod\u00bb]<\/p>\n<p style=\"text-align: center;\">La Melaza de Ca\u00f1a Homemade es un alimento elaborado a base de ca\u00f1a de az\u00facar, con un suave sabor agridulce, le da ese toque especial a tus platos. Se puede consumir puro, con frutas, leche o cereales y, al ser un edulcorante natural, sustituye al az\u00facar y la miel en la preparaci\u00f3n de dulces, tortas, panes, postres y bebidas, as\u00ed como en el condimento de carnes, asados. y parrillas.<\/p>\n<p style=\"text-align: center;\">La melaza de ca\u00f1a casera tambi\u00e9n es una gran fuente de energ\u00eda, siendo muy adecuada para quienes practican actividades f\u00edsicas, adem\u00e1s de estimular el apetito en los ni\u00f1os.<\/p>\n<p style=\"text-align: center;\">Tiene una consistencia muy similar a la miel y es rica en nutrientes esenciales para la salud, como calcio, potasio y hierro, siendo excelente para ayudar a combatir la anemia provocada por la falta de hierro.<\/p>\n<p>[\/vc_column_text][\/vc_column][vc_column width=\u00bb1\/3&#8243;]<div class=\"imagebox wpb_content_element style-1\"><div class=\"imagebox-img\"><img decoding=\"async\" src=\"https:\/\/www.homemade.com.br\/wp-content\/uploads\/2024\/12\/melado-cana-2.jpg\" alt=\"\" \/><\/div><\/div>[\/vc_column][\/vc_row][vc_row top_padding=\u00bb40&#8243;][vc_column width=\u00bb1\/1&#8243;]<h3 class=\"headline font-inherit fontsize-inherit fontweight-inherit lh-inherit align-center transform-inherit titulo-2 ti-prod\" style=\"margin: 0 0 20px 0; color: #991b1e;\">Productos<\/h3>[\/vc_column][\/vc_row][vc_row top_padding=\u00bb30&#8243; bottom_padding=\u00bb40&#8243; class=\u00bbbox-prod-list\u00bb][vc_column width=\u00bb1\/5&#8243;][\/vc_column][vc_column width=\u00bb1\/6&#8243;][\/vc_column][vc_column width=\u00bb1\/4&#8243;]<div class=\"imagebox wpb_content_element style-2\"><div class=\"imagebox-img\"><a href='https:\/\/www.homemade.com.br\/wp-content\/uploads\/2023\/10\/melado-de-cana.jpg'><img decoding=\"async\" src=\"https:\/\/www.homemade.com.br\/wp-content\/uploads\/2023\/10\/melado-de-cana.jpg\" alt=\"\" \/><\/a><\/div>\n<p style=\"text-align: center;\"><strong>Melaza de ca\u00f1a<\/strong><\/p>\n<\/div>[\/vc_column][\/vc_row]<\/p>\n","protected":false},"excerpt":{"rendered":"<p>[vc_row top_padding=\u00bb40&#8243;][vc_column width=\u00bb1\/1&#8243;][\/vc_column][\/vc_row][vc_row bottom_padding=\u00bb50&#8243;][vc_column animation=\u00bbfade-in\u00bb width=\u00bb4\/6&#8243; delay=\u00bb300&#8243;][vc_column_text css_animation=\u00bbfadeIn\u00bb el_class=\u00bbdescri-int-prod\u00bb] La Melaza de Ca\u00f1a Homemade es un alimento elaborado a base de ca\u00f1a de az\u00facar, con un suave sabor agridulce, le da ese toque especial a tus platos. Se puede consumir puro, con frutas, leche o cereales y, al ser un edulcorante natural, sustituye al az\u00facar y la miel en la preparaci\u00f3n de dulces, tortas, panes, postres y bebidas, as\u00ed como en el condimento de carnes, asados. y parrillas. La melaza de ca\u00f1a casera tambi\u00e9n es una gran fuente de energ\u00eda, siendo muy adecuada para quienes practican actividades f\u00edsicas, adem\u00e1s de estimular el apetito en los ni\u00f1os. Tiene una consistencia muy similar a la miel y es rica en nutrientes esenciales para la salud, como calcio, potasio y hierro, siendo excelente para ayudar a combatir la anemia provocada por la falta de hierro. [\/vc_column_text][\/vc_column][vc_column width=\u00bb1\/3&#8243;][\/vc_column][\/vc_row][vc_row top_padding=\u00bb40&#8243;][vc_column width=\u00bb1\/1&#8243;][\/vc_column][\/vc_row][vc_row top_padding=\u00bb30&#8243; bottom_padding=\u00bb40&#8243; class=\u00bbbox-prod-list\u00bb][vc_column width=\u00bb1\/5&#8243;][\/vc_column][vc_column width=\u00bb1\/6&#8243;][\/vc_column][vc_column width=\u00bb1\/4&#8243;][\/vc_column][\/vc_row]<\/p>\n","protected":false},"author":1,"featured_media":0,"parent":0,"menu_order":0,"comment_status":"closed","ping_status":"closed","template":"","meta":{"footnotes":""},"class_list":["post-2780","page","type-page","status-publish","hentry"],"_links":{"self":[{"href":"https:\/\/www.homemade.com.br\/es\/wp-json\/wp\/v2\/pages\/2780","targetHints":{"allow":["GET"]}}],"collection":[{"href":"https:\/\/www.homemade.com.br\/es\/wp-json\/wp\/v2\/pages"}],"about":[{"href":"https:\/\/www.homemade.com.br\/es\/wp-json\/wp\/v2\/types\/page"}],"author":[{"embeddable":true,"href":"https:\/\/www.homemade.com.br\/es\/wp-json\/wp\/v2\/users\/1"}],"replies":[{"embeddable":true,"href":"https:\/\/www.homemade.com.br\/es\/wp-json\/wp\/v2\/comments?post=2780"}],"version-history":[{"count":6,"href":"https:\/\/www.homemade.com.br\/es\/wp-json\/wp\/v2\/pages\/2780\/revisions"}],"predecessor-version":[{"id":4134,"href":"https:\/\/www.homemade.com.br\/es\/wp-json\/wp\/v2\/pages\/2780\/revisions\/4134"}],"wp:attachment":[{"href":"https:\/\/www.homemade.com.br\/es\/wp-json\/wp\/v2\/media?parent=2780"}],"curies":[{"name":"wp","href":"https:\/\/api.w.org\/{rel}","templated":true}]}}