{"id":2770,"date":"2021-01-27T13:47:19","date_gmt":"2021-01-27T16:47:19","guid":{"rendered":"https:\/\/www.homemade.com.br\/gelatina-de-primera-calidad\/"},"modified":"2025-05-28T07:40:03","modified_gmt":"2025-05-28T10:40:03","slug":"mermeladas-premium","status":"publish","type":"page","link":"https:\/\/www.homemade.com.br\/es\/mermeladas-premium\/","title":{"rendered":"Mermeladas Premium"},"content":{"rendered":"<p>[vc_row top_padding=\u00bb40&#8243;][vc_column width=\u00bb1\/1&#8243;]<h3 class=\"headline font-inherit fontsize-inherit fontweight-inherit lh-inherit align-center transform-inherit titulo-2\" style=\"margin: 0 0 20px 0; color: #991b1e;\">Mermeladas Premium<\/h3>[\/vc_column][\/vc_row][vc_row top_padding=\u00bb0&#8243; bottom_padding=\u00bb50&#8243;][vc_column animation=\u00bbfade-in\u00bb width=\u00bb4\/6&#8243; delay=\u00bb300&#8243;][vc_column_text css_animation=\u00bbfadeIn\u00bb el_class=\u00bbdescri-int-prod\u00bb]<\/p>\n<p style=\"text-align: center;\">Las Mermeladas Homemade Premium son famosas por su delicioso sabor y por su sofisticado packaging. Su variedad de sabores aporta dulzura y bienestar a los diferentes momentos de tu d\u00eda. Ya sea acompa\u00f1ado de tostadas, queso o componiendo diferentes recetas, las mermeladas Homemade son siempre el acompa\u00f1amiento perfecto.<\/p>\n<p style=\"text-align: center;\">El resultado es una mermelada rica en trozos de fruta, elaborada con materias primas cuidadosamente seleccionadas, para acercar al consumidor lo mejor en sabor y calidad.<\/p>\n<p>[\/vc_column_text][\/vc_column][vc_column animation=\u00bbfade-in\u00bb width=\u00bb1\/3&#8243; delay=\u00bb300&#8243;]<div class=\"imagebox wpb_content_element style-1\"><div class=\"imagebox-img\"><img decoding=\"async\" src=\"https:\/\/www.homemade.com.br\/wp-content\/uploads\/2024\/12\/premium-2.jpg\" alt=\"\" \/><\/div><\/div>[\/vc_column][\/vc_row][vc_row type=\u00bbfull_width_section\u00bb top_padding=\u00bb40&#8243;][vc_column width=\u00bb1\/1&#8243;]<h3 class=\"headline font-inherit fontsize-inherit fontweight-inherit lh-inherit align-center transform-inherit titulo-2 ti-prod\" style=\"margin: 0 0 20px 0; color: #991b1e;\">Sabores<\/h3>[\/vc_column][\/vc_row][vc_row top_padding=\u00bb30&#8243; bottom_padding=\u00bb40&#8243; class=\u00bbbox-prod-list\u00bb][vc_column width=\u00bb1\/3&#8243;]<div class=\"imagebox wpb_content_element style-1\"><div class=\"imagebox-img\"><a href='https:\/\/www.homemade.com.br\/wp-content\/uploads\/2021\/07\/geleia_morango.png'><img decoding=\"async\" src=\"https:\/\/www.homemade.com.br\/wp-content\/uploads\/2021\/07\/geleia_morango.png\" alt=\"\" \/><\/a><\/div>\n<p style=\"text-align: center;\"><strong>Mermelada de Frutilla<\/strong><\/p>\n<\/div>[\/vc_column][vc_column width=\u00bb1\/3&#8243;]<div class=\"imagebox wpb_content_element style-1\"><div class=\"imagebox-img\"><a href='https:\/\/www.homemade.com.br\/wp-content\/uploads\/2021\/07\/geleia_amora.png'><img decoding=\"async\" src=\"https:\/\/www.homemade.com.br\/wp-content\/uploads\/2021\/07\/geleia_amora.png\" alt=\"\" \/><\/a><\/div>\n<p style=\"text-align: center;\"><strong>Mermelada de Mora<\/strong><\/p>\n<\/div>[\/vc_column][vc_column width=\u00bb1\/3&#8243;]<div class=\"imagebox wpb_content_element style-1\"><div class=\"imagebox-img\"><a href='https:\/\/www.homemade.com.br\/wp-content\/uploads\/2021\/07\/geleia_frutas_vermelhas.png'><img decoding=\"async\" src=\"https:\/\/www.homemade.com.br\/wp-content\/uploads\/2021\/07\/geleia_frutas_vermelhas.png\" alt=\"\" \/><\/a><\/div>\n<p style=\"text-align: center;\"><strong>Mermelada de Frutos Rojos<\/strong><\/p>\n<\/div>[\/vc_column][\/vc_row][vc_row bottom_padding=\u00bb40&#8243; class=\u00bbbox-prod-list\u00bb][vc_column width=\u00bb1\/3&#8243;]<div class=\"imagebox wpb_content_element style-1\"><div class=\"imagebox-img\"><a href='https:\/\/www.homemade.com.br\/wp-content\/uploads\/2021\/07\/geleia_frutas_silvestres.png'><img decoding=\"async\" src=\"https:\/\/www.homemade.com.br\/wp-content\/uploads\/2021\/07\/geleia_frutas_silvestres.png\" alt=\"\" \/><\/a><\/div>\n<p style=\"text-align: center;\"><strong>Mermelada de Frutas Silvestres<\/strong><\/p>\n<\/div>[\/vc_column][vc_column width=\u00bb1\/3&#8243;]<div class=\"imagebox wpb_content_element style-1\"><div class=\"imagebox-img\"><a href='https:\/\/www.homemade.com.br\/wp-content\/uploads\/2021\/07\/geleia_damasco.png'><img decoding=\"async\" src=\"https:\/\/www.homemade.com.br\/wp-content\/uploads\/2021\/07\/geleia_damasco.png\" alt=\"\" \/><\/a><\/div>\n<p style=\"text-align: center;\"><strong>Mermelada de Damasco<\/strong><\/p>\n<\/div>[\/vc_column][vc_column width=\u00bb1\/3&#8243;]<div class=\"imagebox wpb_content_element style-1\"><div class=\"imagebox-img\"><a href='https:\/\/www.homemade.com.br\/wp-content\/uploads\/2021\/07\/geleia_frutas_amarelas.png'><img decoding=\"async\" src=\"https:\/\/www.homemade.com.br\/wp-content\/uploads\/2021\/07\/geleia_frutas_amarelas.png\" alt=\"\" \/><\/a><\/div>\n<p style=\"text-align: center;\"><strong>Mermelada de Frutas Amarillas<\/strong><\/p>\n<\/div>[\/vc_column][\/vc_row][vc_row bottom_padding=\u00bb40&#8243; class=\u00bbbox-prod-list\u00bb][vc_column width=\u00bb1\/3&#8243;][\/vc_column][vc_column width=\u00bb1\/3&#8243;]<div class=\"imagebox wpb_content_element style-1\"><div class=\"imagebox-img\"><a href='https:\/\/www.homemade.com.br\/wp-content\/uploads\/2021\/07\/geleia_goiaba.png'><img decoding=\"async\" src=\"https:\/\/www.homemade.com.br\/wp-content\/uploads\/2021\/07\/geleia_goiaba.png\" alt=\"\" \/><\/a><\/div>\n<p style=\"text-align: center;\"><strong>Mermelada de Guava<\/strong><\/p>\n<\/div>[\/vc_column][vc_column width=\u00bb1\/3&#8243;][\/vc_column][\/vc_row]<\/p>\n","protected":false},"excerpt":{"rendered":"<p>[vc_row top_padding=\u00bb40&#8243;][vc_column width=\u00bb1\/1&#8243;][\/vc_column][\/vc_row][vc_row top_padding=\u00bb0&#8243; bottom_padding=\u00bb50&#8243;][vc_column animation=\u00bbfade-in\u00bb width=\u00bb4\/6&#8243; delay=\u00bb300&#8243;][vc_column_text css_animation=\u00bbfadeIn\u00bb el_class=\u00bbdescri-int-prod\u00bb] Las Mermeladas Homemade Premium son famosas por su delicioso sabor y por su sofisticado packaging. Su variedad de sabores aporta dulzura y bienestar a los diferentes momentos de tu d\u00eda. Ya sea acompa\u00f1ado de tostadas, queso o componiendo diferentes recetas, las mermeladas Homemade son siempre el acompa\u00f1amiento perfecto. El resultado es una mermelada rica en trozos de fruta, elaborada con materias primas cuidadosamente seleccionadas, para acercar al consumidor lo mejor en sabor y calidad. [\/vc_column_text][\/vc_column][vc_column animation=\u00bbfade-in\u00bb width=\u00bb1\/3&#8243; delay=\u00bb300&#8243;][\/vc_column][\/vc_row][vc_row type=\u00bbfull_width_section\u00bb top_padding=\u00bb40&#8243;][vc_column width=\u00bb1\/1&#8243;][\/vc_column][\/vc_row][vc_row top_padding=\u00bb30&#8243; bottom_padding=\u00bb40&#8243; class=\u00bbbox-prod-list\u00bb][vc_column width=\u00bb1\/3&#8243;][\/vc_column][vc_column width=\u00bb1\/3&#8243;][\/vc_column][vc_column width=\u00bb1\/3&#8243;][\/vc_column][\/vc_row][vc_row bottom_padding=\u00bb40&#8243; class=\u00bbbox-prod-list\u00bb][vc_column width=\u00bb1\/3&#8243;][\/vc_column][vc_column width=\u00bb1\/3&#8243;][\/vc_column][vc_column width=\u00bb1\/3&#8243;][\/vc_column][\/vc_row][vc_row bottom_padding=\u00bb40&#8243; class=\u00bbbox-prod-list\u00bb][vc_column width=\u00bb1\/3&#8243;][\/vc_column][vc_column width=\u00bb1\/3&#8243;][\/vc_column][vc_column width=\u00bb1\/3&#8243;][\/vc_column][\/vc_row]<\/p>\n","protected":false},"author":1,"featured_media":0,"parent":0,"menu_order":0,"comment_status":"closed","ping_status":"closed","template":"","meta":{"footnotes":""},"class_list":["post-2770","page","type-page","status-publish","hentry"],"_links":{"self":[{"href":"https:\/\/www.homemade.com.br\/es\/wp-json\/wp\/v2\/pages\/2770","targetHints":{"allow":["GET"]}}],"collection":[{"href":"https:\/\/www.homemade.com.br\/es\/wp-json\/wp\/v2\/pages"}],"about":[{"href":"https:\/\/www.homemade.com.br\/es\/wp-json\/wp\/v2\/types\/page"}],"author":[{"embeddable":true,"href":"https:\/\/www.homemade.com.br\/es\/wp-json\/wp\/v2\/users\/1"}],"replies":[{"embeddable":true,"href":"https:\/\/www.homemade.com.br\/es\/wp-json\/wp\/v2\/comments?post=2770"}],"version-history":[{"count":12,"href":"https:\/\/www.homemade.com.br\/es\/wp-json\/wp\/v2\/pages\/2770\/revisions"}],"predecessor-version":[{"id":4301,"href":"https:\/\/www.homemade.com.br\/es\/wp-json\/wp\/v2\/pages\/2770\/revisions\/4301"}],"wp:attachment":[{"href":"https:\/\/www.homemade.com.br\/es\/wp-json\/wp\/v2\/media?parent=2770"}],"curies":[{"name":"wp","href":"https:\/\/api.w.org\/{rel}","templated":true}]}}