{"id":2767,"date":"2021-08-27T01:21:59","date_gmt":"2021-08-27T04:21:59","guid":{"rendered":"https:\/\/www.homemade.com.br\/baldes\/"},"modified":"2024-12-20T18:32:38","modified_gmt":"2024-12-20T21:32:38","slug":"baldes","status":"publish","type":"page","link":"https:\/\/www.homemade.com.br\/es\/baldes\/","title":{"rendered":"Baldes"},"content":{"rendered":"<p>[vc_row top_padding=\u00bb40&#8243;][vc_column width=\u00bb1\/1&#8243;]<h3 class=\"headline font-inherit fontsize-inherit fontweight-inherit lh-inherit align-center transform-inherit titulo-2\" style=\"margin: 0 0 20px 0; color: #991b1e;\">Baldes<\/h3>[\/vc_column][\/vc_row][vc_row bottom_padding=\u00bb50&#8243; class=\u00bbbox-prod-lat\u00bb][vc_column animation=\u00bbfade-in\u00bb width=\u00bb4\/6&#8243; delay=\u00bb300&#8243;][vc_column_text css_animation=\u00bbfadeIn\u00bb el_class=\u00bbdescri-int-prod\u00bb]<\/p>\n<p style=\"text-align: center;\">Buscando atender restaurantes, eventos y empresas de catering, creamos la l\u00ednea Food Service.<\/p>\n<p style=\"text-align: center;\">Ahora tambi\u00e9n puedes encontrar nuestras deliciosas Mermeladas, en baldes, en una versi\u00f3n de 2 kg.<\/p>\n<p style=\"text-align: center;\"><strong>Disponible en sabores de Mermelada de Fresa, Frutos Rojos, Mora, Pimienta y Damasco para que tu d\u00eda sea a\u00fan m\u00e1s especial.<\/strong><\/p>\n<p>[\/vc_column_text][\/vc_column][vc_column el_class=\u00bbbox-produs-g\u00bb animation=\u00bbfade-in\u00bb width=\u00bb1\/3&#8243; delay=\u00bb300&#8243;]<div class=\"imagebox wpb_content_element style-1\"><div class=\"imagebox-img\"><img decoding=\"async\" src=\"https:\/\/www.homemade.com.br\/wp-content\/uploads\/2024\/12\/baldes-2.jpg\" alt=\"\" \/><\/div><\/div>[\/vc_column][\/vc_row][vc_row type=\u00bbfull_width_section\u00bb top_padding=\u00bb40&#8243;][vc_column width=\u00bb1\/1&#8243;]<h3 class=\"headline font-inherit fontsize-inherit fontweight-inherit lh-inherit align-center transform-inherit titulo-2 ti-prod\" style=\"margin: 0 0 20px 0; color: #991b1e;\">Sabores<\/h3>[\/vc_column][\/vc_row][vc_row top_padding=\u00bb30&#8243; bottom_padding=\u00bb40&#8243; class=\u00bbbox-prod-list\u00bb][vc_column width=\u00bb1\/4&#8243;]<div class=\"imagebox wpb_content_element style-1\"><div class=\"imagebox-img\"><a href='https:\/\/www.homemade.com.br\/wp-content\/uploads\/2021\/09\/8_n.png'><img decoding=\"async\" src=\"https:\/\/www.homemade.com.br\/wp-content\/uploads\/2021\/09\/8_n.png\" alt=\"\" \/><\/a><\/div>\n<p style=\"text-align: center;\"><strong>Mermelada de Fresa<\/strong><\/p>\n<\/div>[\/vc_column][vc_column width=\u00bb1\/4&#8243;]<div class=\"imagebox wpb_content_element style-1\"><div class=\"imagebox-img\"><a href='https:\/\/www.homemade.com.br\/wp-content\/uploads\/2024\/05\/balde-frutas-vermelhasv2.jpg'><img decoding=\"async\" src=\"https:\/\/www.homemade.com.br\/wp-content\/uploads\/2024\/05\/balde-frutas-vermelhasv2.jpg\" alt=\"\" \/><\/a><\/div>\n<p style=\"text-align: center;\"><strong>Mermelada de Frutos\u00a0Rojos<\/strong><\/p>\n<\/div>[\/vc_column][vc_column width=\u00bb1\/4&#8243;]<div class=\"imagebox wpb_content_element style-1\"><div class=\"imagebox-img\"><a href='https:\/\/www.homemade.com.br\/wp-content\/uploads\/2021\/09\/47_n.png'><img decoding=\"async\" src=\"https:\/\/www.homemade.com.br\/wp-content\/uploads\/2021\/09\/47_n.png\" alt=\"\" \/><\/a><\/div>\n<p style=\"text-align: center;\"><strong>Mermelada de Mora<\/strong><\/p>\n<\/div>[\/vc_column][vc_column width=\u00bb1\/4&#8243;]<div class=\"imagebox wpb_content_element style-1\"><div class=\"imagebox-img\"><a href='https:\/\/www.homemade.com.br\/wp-content\/uploads\/2021\/09\/48_n.png'><img decoding=\"async\" src=\"https:\/\/www.homemade.com.br\/wp-content\/uploads\/2021\/09\/48_n.png\" alt=\"\" \/><\/a><\/div>\n<p style=\"text-align: center;\"><strong>Mermelada de Damasco<\/strong><\/p>\n<\/div>[\/vc_column][\/vc_row][vc_row top_padding=\u00bb30&#8243; bottom_padding=\u00bb40&#8243; class=\u00bbbox-prod-list\u00bb][vc_column width=\u00bb1\/4&#8243;][\/vc_column][vc_column width=\u00bb1\/4&#8243;]<div class=\"imagebox wpb_content_element style-1\"><div class=\"imagebox-img\"><a href='https:\/\/www.homemade.com.br\/wp-content\/uploads\/2021\/09\/7_n.png'><img decoding=\"async\" src=\"https:\/\/www.homemade.com.br\/wp-content\/uploads\/2021\/09\/7_n.png\" alt=\"\" \/><\/a><\/div>\n<p style=\"text-align: center;\"><strong>Mermelada de Pimienta<\/strong><\/p>\n<\/div>[\/vc_column][vc_column width=\u00bb1\/4&#8243;]<div class=\"imagebox wpb_content_element style-1\"><div class=\"imagebox-img\"><a href='https:\/\/www.homemade.com.br\/wp-content\/uploads\/2022\/08\/cebola.png'><img decoding=\"async\" src=\"https:\/\/www.homemade.com.br\/wp-content\/uploads\/2022\/08\/cebola-1.png\" alt=\"\" \/><\/a><\/div>\n<p style=\"text-align: center;\"><strong>Cebolla Caramelizada<\/strong><\/p>\n<\/div>[\/vc_column][vc_column width=\u00bb1\/4&#8243;][\/vc_column][\/vc_row]<\/p>\n","protected":false},"excerpt":{"rendered":"<p>[vc_row top_padding=\u00bb40&#8243;][vc_column width=\u00bb1\/1&#8243;][\/vc_column][\/vc_row][vc_row bottom_padding=\u00bb50&#8243; class=\u00bbbox-prod-lat\u00bb][vc_column animation=\u00bbfade-in\u00bb width=\u00bb4\/6&#8243; delay=\u00bb300&#8243;][vc_column_text css_animation=\u00bbfadeIn\u00bb el_class=\u00bbdescri-int-prod\u00bb] Buscando atender restaurantes, eventos y empresas de catering, creamos la l\u00ednea Food Service. Ahora tambi\u00e9n puedes encontrar nuestras deliciosas Mermeladas, en baldes, en una versi\u00f3n de 2 kg. Disponible en sabores de Mermelada de Fresa, Frutos Rojos, Mora, Pimienta y Damasco para que tu d\u00eda sea a\u00fan m\u00e1s especial. [\/vc_column_text][\/vc_column][vc_column el_class=\u00bbbox-produs-g\u00bb animation=\u00bbfade-in\u00bb width=\u00bb1\/3&#8243; delay=\u00bb300&#8243;][\/vc_column][\/vc_row][vc_row type=\u00bbfull_width_section\u00bb top_padding=\u00bb40&#8243;][vc_column width=\u00bb1\/1&#8243;][\/vc_column][\/vc_row][vc_row top_padding=\u00bb30&#8243; bottom_padding=\u00bb40&#8243; class=\u00bbbox-prod-list\u00bb][vc_column width=\u00bb1\/4&#8243;][\/vc_column][vc_column width=\u00bb1\/4&#8243;][\/vc_column][vc_column width=\u00bb1\/4&#8243;][\/vc_column][vc_column width=\u00bb1\/4&#8243;][\/vc_column][\/vc_row][vc_row top_padding=\u00bb30&#8243; bottom_padding=\u00bb40&#8243; class=\u00bbbox-prod-list\u00bb][vc_column width=\u00bb1\/4&#8243;][\/vc_column][vc_column width=\u00bb1\/4&#8243;][\/vc_column][vc_column width=\u00bb1\/4&#8243;][\/vc_column][vc_column width=\u00bb1\/4&#8243;][\/vc_column][\/vc_row]<\/p>\n","protected":false},"author":1,"featured_media":0,"parent":0,"menu_order":0,"comment_status":"closed","ping_status":"closed","template":"","meta":{"footnotes":""},"class_list":["post-2767","page","type-page","status-publish","hentry"],"_links":{"self":[{"href":"https:\/\/www.homemade.com.br\/es\/wp-json\/wp\/v2\/pages\/2767","targetHints":{"allow":["GET"]}}],"collection":[{"href":"https:\/\/www.homemade.com.br\/es\/wp-json\/wp\/v2\/pages"}],"about":[{"href":"https:\/\/www.homemade.com.br\/es\/wp-json\/wp\/v2\/types\/page"}],"author":[{"embeddable":true,"href":"https:\/\/www.homemade.com.br\/es\/wp-json\/wp\/v2\/users\/1"}],"replies":[{"embeddable":true,"href":"https:\/\/www.homemade.com.br\/es\/wp-json\/wp\/v2\/comments?post=2767"}],"version-history":[{"count":26,"href":"https:\/\/www.homemade.com.br\/es\/wp-json\/wp\/v2\/pages\/2767\/revisions"}],"predecessor-version":[{"id":4090,"href":"https:\/\/www.homemade.com.br\/es\/wp-json\/wp\/v2\/pages\/2767\/revisions\/4090"}],"wp:attachment":[{"href":"https:\/\/www.homemade.com.br\/es\/wp-json\/wp\/v2\/media?parent=2767"}],"curies":[{"name":"wp","href":"https:\/\/api.w.org\/{rel}","templated":true}]}}