{"id":2765,"date":"2021-01-28T12:16:29","date_gmt":"2021-01-28T15:16:29","guid":{"rendered":"https:\/\/www.homemade.com.br\/coberturas\/"},"modified":"2024-12-20T18:35:59","modified_gmt":"2024-12-20T21:35:59","slug":"cubiertas","status":"publish","type":"page","link":"https:\/\/www.homemade.com.br\/es\/cubiertas\/","title":{"rendered":"Cubiertas"},"content":{"rendered":"<p>[vc_row top_padding=\u00bb40&#8243;][vc_column width=\u00bb1\/1&#8243;]<h3 class=\"headline font-inherit fontsize-inherit fontweight-inherit lh-inherit align-center transform-inherit titulo-2\" style=\"margin: 0 0 20px 0; color: #991b1e;\">Cubiertas<\/h3>[\/vc_column][\/vc_row][vc_row bottom_padding=\u00bb50&#8243;][vc_column animation=\u00bbfade-in\u00bb width=\u00bb4\/6&#8243; delay=\u00bb300&#8243;][vc_column_text css_animation=\u00bbfadeIn\u00bb el_class=\u00bbdescri-int-prod\u00bb]<\/p>\n<p style=\"text-align: center;\">Mucho m\u00e1s color y sabor para tu postre!<br \/>\nHOMEMADE vuelve a traerte tradici\u00f3n y calidad, ahora en coberturas para helados y postres.<\/p>\n<p style=\"text-align: center;\">Su envase moderno, anat\u00f3mico y con tapas que sellan completamente el producto aseguran la preservaci\u00f3n de su calidad, adem\u00e1s de hacer que su manejo sea pr\u00e1ctico y agradable.<\/p>\n<p style=\"text-align: center;\">En sabores de Chocolate, Frutilla y Caramelo, las Coberturas Homemade agregan un toque irresistible de color y sabor a tus postres.<\/p>\n<p style=\"text-align: center;\">Cubiertas Homemade. Hecho en nuestra casa, \u00a1especialmente para ti!<\/p>\n<p>[\/vc_column_text][\/vc_column][vc_column animation=\u00bbfade-in\u00bb width=\u00bb1\/3&#8243; delay=\u00bb300&#8243;]<div class=\"imagebox wpb_content_element style-1\"><div class=\"imagebox-img\"><img decoding=\"async\" src=\"https:\/\/www.homemade.com.br\/wp-content\/uploads\/2024\/12\/coberturas-2.jpg\" alt=\"\" \/><\/div><\/div>[\/vc_column][\/vc_row][vc_row type=\u00bbfull_width_section\u00bb top_padding=\u00bb40&#8243;][vc_column width=\u00bb1\/1&#8243;]<h3 class=\"headline font-inherit fontsize-inherit fontweight-inherit lh-inherit align-center transform-inherit titulo-2 ti-prod\" style=\"margin: 0 0 20px 0; color: #991b1e;\">Sabores<\/h3>[\/vc_column][\/vc_row][vc_row top_padding=\u00bb30&#8243; bottom_padding=\u00bb40&#8243; class=\u00bbbox-prod-list\u00bb][vc_column width=\u00bb1\/3&#8243;]<div class=\"imagebox wpb_content_element style-1\"><div class=\"imagebox-img\"><a href='https:\/\/www.homemade.com.br\/wp-content\/uploads\/2023\/10\/chocolate.jpg'><img decoding=\"async\" src=\"https:\/\/www.homemade.com.br\/wp-content\/uploads\/2023\/10\/chocolate.jpg\" alt=\"\" \/><\/a><\/div>\n<p style=\"text-align: center;\"><strong>Cubierta de Helado<\/strong><br \/>\n<strong>sabor chocolate 280g<\/strong><\/p>\n<\/div>[\/vc_column][vc_column width=\u00bb1\/3&#8243;]<div class=\"imagebox wpb_content_element style-1\"><div class=\"imagebox-img\"><a href='https:\/\/www.homemade.com.br\/wp-content\/uploads\/2023\/10\/morango.jpg'><img decoding=\"async\" src=\"https:\/\/www.homemade.com.br\/wp-content\/uploads\/2023\/10\/morango.jpg\" alt=\"\" \/><\/a><\/div>\n<p style=\"text-align: center;\"><strong>Cubierta para Helado<\/strong><br \/>\n<strong>sabor fresa 280g<\/strong><\/p>\n<\/div>[\/vc_column][vc_column width=\u00bb1\/3&#8243;]<div class=\"imagebox wpb_content_element style-1\"><div class=\"imagebox-img\"><a href='https:\/\/www.homemade.com.br\/wp-content\/uploads\/2023\/10\/caramelo.jpg'><img decoding=\"async\" src=\"https:\/\/www.homemade.com.br\/wp-content\/uploads\/2023\/10\/caramelo.jpg\" alt=\"\" \/><\/a><\/div>\n<p style=\"text-align: center;\"><strong>Cubierta para Helado<\/strong><br \/>\n<strong>Sabor Caramelo 280g<\/strong><\/p>\n<\/div>[\/vc_column][\/vc_row][vc_row type=\u00bbfull_width_section\u00bb top_padding=\u00bb40&#8243;][vc_column width=\u00bb1\/1&#8243;]<h3 class=\"headline font-inherit fontsize-inherit fontweight-inherit lh-inherit align-center transform-inherit titulo-2 ti-prod\" style=\"margin: 0 0 20px 0; color: #991b1e;\">L\u00ednea Food Service<\/h3><h3 class=\"headline font-inherit fontsize-m fontweight-inherit lh-inherit align-center transform-inherit ti-3\" style=\"margin: 15px 0 20px 0; color: #b40005;\">\u00a1Un toque digno de un chef para tu postre!<\/h3>[vc_column_text css_animation=\u00bbfadeIn\u00bb]<\/p>\n<p style=\"text-align: center; font-size: 16px;\"><strong>HOMEMADE<\/strong> vuelve a aportar tradici\u00f3n y calidad al sector del Food Service,<br \/>\nahora en Coberturas para Helados y Postres en econ\u00f3micos paquetes de 1,3 Kg.<\/p>\n<p>[\/vc_column_text][\/vc_column][\/vc_row][vc_row top_padding=\u00bb30&#8243; bottom_padding=\u00bb40&#8243; class=\u00bbbox-prod-list\u00bb][vc_column width=\u00bb1\/3&#8243;]<div class=\"imagebox wpb_content_element style-1\"><div class=\"imagebox-img\"><a href='https:\/\/www.homemade.com.br\/wp-content\/uploads\/2021\/08\/chocolate-sorvete-coberturas-2.png'><img decoding=\"async\" src=\"https:\/\/www.homemade.com.br\/wp-content\/uploads\/2021\/08\/chocolate-sorvete-coberturas-2.png\" alt=\"\" \/><\/a><\/div>\n<p style=\"text-align: center;\"><strong>Cubierta de Helado<\/strong><br \/>\n<strong>sabor Chocolate 1,3 kg<\/strong><\/p>\n<\/div>[\/vc_column][vc_column width=\u00bb1\/3&#8243;]<div class=\"imagebox wpb_content_element style-1\"><div class=\"imagebox-img\"><a href='https:\/\/www.homemade.com.br\/wp-content\/uploads\/2021\/08\/morango-sorvete-coberturas2.png'><img decoding=\"async\" src=\"https:\/\/www.homemade.com.br\/wp-content\/uploads\/2021\/08\/morango-sorvete-coberturas2.png\" alt=\"\" \/><\/a><\/div>\n<p style=\"text-align: center;\"><strong>Cubierta Helado<\/strong><br \/>\n<strong>Sabor Frutilla 1,3 kg<\/strong><\/p>\n<\/div>[\/vc_column][vc_column width=\u00bb1\/3&#8243;]<div class=\"imagebox wpb_content_element style-1\"><div class=\"imagebox-img\"><a href='https:\/\/www.homemade.com.br\/wp-content\/uploads\/2021\/08\/caramelo-sorvete-coberturas-2.png'><img decoding=\"async\" src=\"https:\/\/www.homemade.com.br\/wp-content\/uploads\/2021\/08\/caramelo-sorvete-coberturas-2.png\" alt=\"\" \/><\/a><\/div>\n<p style=\"text-align: center;\"><strong>Cubierta de Helado<\/strong><br \/>\n<strong>Sabor Caramelo 1,3 kg<\/strong><\/p>\n<\/div>[\/vc_column][\/vc_row]<\/p>\n","protected":false},"excerpt":{"rendered":"<p>[vc_row top_padding=\u00bb40&#8243;][vc_column width=\u00bb1\/1&#8243;][\/vc_column][\/vc_row][vc_row bottom_padding=\u00bb50&#8243;][vc_column animation=\u00bbfade-in\u00bb width=\u00bb4\/6&#8243; delay=\u00bb300&#8243;][vc_column_text css_animation=\u00bbfadeIn\u00bb el_class=\u00bbdescri-int-prod\u00bb] Mucho m\u00e1s color y sabor para tu postre! HOMEMADE vuelve a traerte tradici\u00f3n y calidad, ahora en coberturas para helados y postres. Su envase moderno, anat\u00f3mico y con tapas que sellan completamente el producto aseguran la preservaci\u00f3n de su calidad, adem\u00e1s de hacer que su manejo sea pr\u00e1ctico y agradable. En sabores de Chocolate, Frutilla y Caramelo, las Coberturas Homemade agregan un toque irresistible de color y sabor a tus postres. Cubiertas Homemade. Hecho en nuestra casa, \u00a1especialmente para ti! [\/vc_column_text][\/vc_column][vc_column animation=\u00bbfade-in\u00bb width=\u00bb1\/3&#8243; delay=\u00bb300&#8243;][\/vc_column][\/vc_row][vc_row type=\u00bbfull_width_section\u00bb top_padding=\u00bb40&#8243;][vc_column width=\u00bb1\/1&#8243;][\/vc_column][\/vc_row][vc_row top_padding=\u00bb30&#8243; bottom_padding=\u00bb40&#8243; class=\u00bbbox-prod-list\u00bb][vc_column width=\u00bb1\/3&#8243;][\/vc_column][vc_column width=\u00bb1\/3&#8243;][\/vc_column][vc_column width=\u00bb1\/3&#8243;][\/vc_column][\/vc_row][vc_row type=\u00bbfull_width_section\u00bb top_padding=\u00bb40&#8243;][vc_column width=\u00bb1\/1&#8243;][vc_column_text css_animation=\u00bbfadeIn\u00bb] HOMEMADE vuelve a aportar tradici\u00f3n y calidad al sector del Food Service, ahora en Coberturas para Helados y Postres en econ\u00f3micos paquetes de 1,3 Kg. [\/vc_column_text][\/vc_column][\/vc_row][vc_row top_padding=\u00bb30&#8243; bottom_padding=\u00bb40&#8243; class=\u00bbbox-prod-list\u00bb][vc_column width=\u00bb1\/3&#8243;][\/vc_column][vc_column width=\u00bb1\/3&#8243;][\/vc_column][vc_column width=\u00bb1\/3&#8243;][\/vc_column][\/vc_row]<\/p>\n","protected":false},"author":1,"featured_media":0,"parent":0,"menu_order":0,"comment_status":"closed","ping_status":"closed","template":"","meta":{"footnotes":""},"class_list":["post-2765","page","type-page","status-publish","hentry"],"_links":{"self":[{"href":"https:\/\/www.homemade.com.br\/es\/wp-json\/wp\/v2\/pages\/2765","targetHints":{"allow":["GET"]}}],"collection":[{"href":"https:\/\/www.homemade.com.br\/es\/wp-json\/wp\/v2\/pages"}],"about":[{"href":"https:\/\/www.homemade.com.br\/es\/wp-json\/wp\/v2\/types\/page"}],"author":[{"embeddable":true,"href":"https:\/\/www.homemade.com.br\/es\/wp-json\/wp\/v2\/users\/1"}],"replies":[{"embeddable":true,"href":"https:\/\/www.homemade.com.br\/es\/wp-json\/wp\/v2\/comments?post=2765"}],"version-history":[{"count":11,"href":"https:\/\/www.homemade.com.br\/es\/wp-json\/wp\/v2\/pages\/2765\/revisions"}],"predecessor-version":[{"id":4102,"href":"https:\/\/www.homemade.com.br\/es\/wp-json\/wp\/v2\/pages\/2765\/revisions\/4102"}],"wp:attachment":[{"href":"https:\/\/www.homemade.com.br\/es\/wp-json\/wp\/v2\/media?parent=2765"}],"curies":[{"name":"wp","href":"https:\/\/api.w.org\/{rel}","templated":true}]}}