{"id":2750,"date":"2021-05-11T12:53:22","date_gmt":"2021-05-11T15:53:22","guid":{"rendered":"https:\/\/www.homemade.com.br\/productos\/"},"modified":"2022-06-02T09:09:29","modified_gmt":"2022-06-02T12:09:29","slug":"productos","status":"publish","type":"page","link":"https:\/\/www.homemade.com.br\/es\/productos\/","title":{"rendered":"Productos"},"content":{"rendered":"<p>[vc_row bg_image=\u00bb2829&#8243; bg_repeat=\u00bbno-repeat\u00bb row_id=\u00bbproduto-inicial\u00bb][vc_column width=\u00bb1\/1&#8243;]<h3 class=\"headline font-inherit fontsize-inherit fontweight-inherit lh-inherit align-center transform-inherit titulo-2\" style=\"margin: 44px 0 20px 0; color: #ffffff;\">Productos Destacados<\/h3>[\/vc_column][\/vc_row][vc_row bg_image=\u00bb2823&#8243; bg_repeat=\u00bbno-repeat\u00bb top_padding=\u00bb20&#8243; bottom_padding=\u00bb50&#8243; class=\u00bblist-destaque\u00bb][vc_column width=\u00bb1\/3&#8243;]<div class=\"single_image wpb_content_element align-center  animate   img-prod-inicial\" data-animation=\"fade-in-from-left\" data-delay=\"500\"><a href=\"\/geleia-premium\/\" target=\"_self\"><img loading=\"lazy\" decoding=\"async\" width=\"412\" height=\"417\" src=\"https:\/\/www.homemade.com.br\/wp-content\/uploads\/2021\/05\/produ-destaque-1.png\" class=\"attachment-full\" alt=\"\" srcset=\"https:\/\/www.homemade.com.br\/wp-content\/uploads\/2021\/05\/produ-destaque-1-80x80.png 80w, https:\/\/www.homemade.com.br\/wp-content\/uploads\/2021\/05\/produ-destaque-1-296x300.png 296w, https:\/\/www.homemade.com.br\/wp-content\/uploads\/2021\/05\/produ-destaque-1.png 412w\" sizes=\"auto, (max-width: 380px) 92.233009708738vw,(max-width: 500px) 121.35922330097vw,(max-width: 660px) 160.19417475728vw,(max-width: 800px) 194.17475728155vw,412px\" \/><\/a><\/div><h2 class=\"headline font-inherit fontsize-inherit fontweight-inherit lh-inherit align-center transform-uppercase titulo-prod1\" style=\"margin: 20px 0 0 0; color: #ffffff;\">Frutilla<\/h2><h3 class=\"headline font-special fontsize-inherit fontweight-inherit lh-inherit align-center transform-inherit titulo-prod2\" style=\"margin: 0 0 20px 0; color: #3c000a;\">Premium<\/h3>[vc_column_text css_animation=\u00bbfadeIn\u00bb el_class=\u00bbdescricao-prod-int\u00bb]<\/p>\n<p style=\"text-align: center;\">Te presentamos las Mermeladas Homemade, especialmente desarrolladas para rescatar la tradici\u00f3n del \u201checho en casa\u201d. El resultado es una mermelada rica en trozos de fruta, elaborada con materias primas cuidadosamente seleccionadas.<\/p>\n<p>[\/vc_column_text][\/vc_column][vc_column width=\u00bb1\/3&#8243;]<div class=\"single_image wpb_content_element align-center  animate   img-prod-inicial\" data-animation=\"fade-in-from-left\" data-delay=\"500\"><a href=\"\/caramelizados\/\" target=\"_self\"><img loading=\"lazy\" decoding=\"async\" width=\"409\" height=\"412\" src=\"https:\/\/www.homemade.com.br\/wp-content\/uploads\/2021\/05\/produ-destaque2.png\" class=\"attachment-full\" alt=\"\" srcset=\"https:\/\/www.homemade.com.br\/wp-content\/uploads\/2021\/05\/produ-destaque2-80x80.png 80w, https:\/\/www.homemade.com.br\/wp-content\/uploads\/2021\/05\/produ-destaque2-150x150.png 150w, https:\/\/www.homemade.com.br\/wp-content\/uploads\/2021\/05\/produ-destaque2-298x300.png 298w, https:\/\/www.homemade.com.br\/wp-content\/uploads\/2021\/05\/produ-destaque2.png 409w\" sizes=\"auto, (max-width: 380px) 92.909535452323vw,(max-width: 500px) 122.24938875306vw,(max-width: 660px) 161.36919315403vw,(max-width: 800px) 195.59902200489vw,409px\" \/><\/a><\/div><h2 class=\"headline font-inherit fontsize-inherit fontweight-inherit lh-inherit align-center transform-uppercase titulo-prod1\" style=\"margin: 20px 0 0 0; color: #ffffff;\">Cebolla<\/h2><h3 class=\"headline font-special fontsize-inherit fontweight-inherit lh-inherit align-center transform-inherit titulo-prod2\" style=\"margin: 0 0 20px 0; color: #3c000a;\">Caramelizada<\/h3>[vc_column_text css_animation=\u00bbfadeIn\u00bb el_class=\u00bbdescricao-prod-int\u00bb]<\/p>\n<p style=\"text-align: center;\">Ideal para quienes aman ese sabor agridulce en las comidas, la Cebolla Caramelizada Homemade es un excelente condimento para platos, acompa\u00f1amiento de carnes y terminaciones de parrilladas, porciones variadas y preparaci\u00f3n de s\u00e1ndwiches.<\/p>\n<p>[\/vc_column_text][\/vc_column][vc_column width=\u00bb1\/3&#8243;]<div class=\"single_image wpb_content_element align-center  animate   img-prod-inicial\" data-animation=\"fade-in-from-left\" data-delay=\"500\"><a href=\"\/linha-gourmet\/\" target=\"_self\"><img loading=\"lazy\" decoding=\"async\" width=\"413\" height=\"414\" src=\"https:\/\/www.homemade.com.br\/wp-content\/uploads\/2021\/05\/produ-destaque3.png\" class=\"attachment-full\" alt=\"\" srcset=\"https:\/\/www.homemade.com.br\/wp-content\/uploads\/2021\/05\/produ-destaque3-80x80.png 80w, https:\/\/www.homemade.com.br\/wp-content\/uploads\/2021\/05\/produ-destaque3-150x150.png 150w, https:\/\/www.homemade.com.br\/wp-content\/uploads\/2021\/05\/produ-destaque3-300x300.png 300w, https:\/\/www.homemade.com.br\/wp-content\/uploads\/2021\/05\/produ-destaque3.png 413w\" sizes=\"auto, (max-width: 380px) 92.009685230024vw,(max-width: 500px) 121.06537530266vw,(max-width: 660px) 159.80629539952vw,(max-width: 800px) 193.70460048426vw,413px\" \/><\/a><\/div><h2 class=\"headline font-inherit fontsize-inherit fontweight-inherit lh-inherit align-center transform-uppercase titulo-prod1\" style=\"margin: 20px 0 0 0; color: #ffffff;\">Pimiento<\/h2><h3 class=\"headline font-special fontsize-inherit fontweight-inherit lh-inherit align-center transform-inherit titulo-prod2\" style=\"margin: 0 0 20px 0; color: #3c000a;\">Gourmet<\/h3>[vc_column_text css_animation=\u00bbfadeIn\u00bb el_class=\u00bbdescricao-prod-int\u00bb]<\/p>\n<p style=\"text-align: center;\">Una formulaci\u00f3n \u00fanica, utilizando jugo de manzana concentrado clarificado, le otorga al producto un aroma dulce y delicado, adem\u00e1s de un sabor ex\u00f3tico y diferenciado, ideal para la preparaci\u00f3n de platos gourmet.<\/p>\n<p>[\/vc_column_text][\/vc_column][\/vc_row][vc_row bg_image=\u00bb1137&#8243; bg_repeat=\u00bbrepeat\u00bb bg_color=\u00bb#f2f2f2&#8243; top_padding=\u00bb40&#8243; bottom_padding=\u00bb50&#8243; row_id=\u00bbprodutos-in\u00bb][vc_column width=\u00bb1\/1&#8243;]<h3 class=\"headline font-inherit fontsize-inherit fontweight-inherit lh-inherit align-center transform-inherit titulo-2\" style=\"margin: 0 0 20px 0; color: #991b1e;\">todos los productos<\/h3><div class=\"minti_carousel  grab-true dots\" data-columns=\"4\" data-tabletcolumns=\"2\" data-nav=\"true\" data-pagination=\"false\" data-autoplay=\"false\" data-animationtime=\"4000\"><div class=\"imagebox wpb_content_element style-1\"><div class=\"imagebox-img\"><a href='\/es\/mermeladas-premium\/'><img decoding=\"async\" src=\"https:\/\/www.homemade.com.br\/wp-content\/uploads\/2021\/07\/geleia_damasco.png\" alt=\"\" \/><\/a><\/div>Mermeladas Premium<\/div><div class=\"imagebox wpb_content_element style-1\"><div class=\"imagebox-img\"><a href='\/es\/mermeladas-cero\/'><img decoding=\"async\" src=\"https:\/\/www.homemade.com.br\/wp-content\/uploads\/2021\/07\/geleia_morango_zero.png\" alt=\"\" \/><\/a><\/div>Mermeladas Cero<\/div><div class=\"imagebox wpb_content_element style-1\"><div class=\"imagebox-img\"><a href='\/es\/mermeladas-100-fruta\/'><img decoding=\"async\" src=\"https:\/\/www.homemade.com.br\/wp-content\/uploads\/2021\/07\/28.png\" alt=\"\" \/><\/a><\/div>Mermeladas 100% Fruta<\/div><div class=\"imagebox wpb_content_element style-1\"><div class=\"imagebox-img\"><a href='\/es\/linea-organica\/'><img decoding=\"async\" src=\"https:\/\/www.homemade.com.br\/wp-content\/uploads\/2021\/09\/banana_n.png\" alt=\"\" \/><\/a><\/div>L\u00ednea org\u00e1nica<\/div><div class=\"imagebox wpb_content_element style-1\"><div class=\"imagebox-img\"><a href='\/es\/linea-saludable\/'><img decoding=\"async\" src=\"https:\/\/www.homemade.com.br\/wp-content\/uploads\/2021\/07\/GELEIA-MORANGO-COM-BIOMASSA-ZERO-1.png\" alt=\"\" \/><\/a><\/div>L\u00ednea Saludable<\/div><div class=\"imagebox wpb_content_element style-1\"><div class=\"imagebox-img\"><a href='http:\/\/es\/mermeladas-sensaciones\/'><img decoding=\"async\" src=\"https:\/\/www.homemade.com.br\/wp-content\/uploads\/2021\/07\/23.png\" alt=\"\" \/><\/a><\/div>Mermeladas Sensaciones<\/div><div class=\"imagebox wpb_content_element style-1\"><div class=\"imagebox-img\"><a href='\/es\/mermeladas-gourmet\/'><img decoding=\"async\" src=\"https:\/\/www.homemade.com.br\/wp-content\/uploads\/2021\/07\/22-e1626966469611.png\" alt=\"\" \/><\/a><\/div>Mermeladas Gourmet<\/div><div class=\"imagebox wpb_content_element style-1\"><div class=\"imagebox-img\"><a href='\/es\/caramelizado\/'><img decoding=\"async\" src=\"https:\/\/www.homemade.com.br\/wp-content\/uploads\/2021\/07\/2.png\" alt=\"\" \/><\/a><\/div>Caramelizado<\/div><div class=\"imagebox wpb_content_element style-1\"><div class=\"imagebox-img\"><a href='\/es\/mermeladas-purifruti\/'><img decoding=\"async\" src=\"https:\/\/www.homemade.com.br\/wp-content\/uploads\/2021\/07\/purifruti-fruta-vermelhas-1.png\" alt=\"\" \/><\/a><\/div>Mermeladas Purifruti<\/div><div class=\"imagebox wpb_content_element style-1\"><div class=\"imagebox-img\"><a href='\/es\/mermeladas-recreio\/'><img decoding=\"async\" src=\"https:\/\/www.homemade.com.br\/wp-content\/uploads\/2021\/07\/recreio-uva-e1627509866611.png\" alt=\"\" \/><\/a><\/div>Mermeladas Recreio<\/div><div class=\"imagebox wpb_content_element style-1\"><div class=\"imagebox-img\"><a href='\/es\/miel\/'><img decoding=\"async\" src=\"https:\/\/www.homemade.com.br\/wp-content\/uploads\/2021\/07\/mel-upside-down.png\" alt=\"\" \/><\/a><\/div>Miel<\/div><div class=\"imagebox wpb_content_element style-1\"><div class=\"imagebox-img\"><a href='\/es\/melaza-de-cana\/'><img decoding=\"async\" src=\"https:\/\/www.homemade.com.br\/wp-content\/uploads\/2021\/07\/melado-de-cana.png\" alt=\"\" \/><\/a><\/div>Melaza de Ca\u00f1a<\/div><div class=\"imagebox wpb_content_element style-1\"><div class=\"imagebox-img\"><a href='\/es\/cubiertas\/'><img decoding=\"async\" src=\"https:\/\/www.homemade.com.br\/wp-content\/uploads\/2021\/07\/cobertura_chocolate.png\" alt=\"\" \/><\/a><\/div>Cubiertas<\/div><\/div>[\/vc_column][\/vc_row]<\/p>\n","protected":false},"excerpt":{"rendered":"<p>[vc_row bg_image=\u00bb2829&#8243; bg_repeat=\u00bbno-repeat\u00bb row_id=\u00bbproduto-inicial\u00bb][vc_column width=\u00bb1\/1&#8243;][\/vc_column][\/vc_row][vc_row bg_image=\u00bb2823&#8243; bg_repeat=\u00bbno-repeat\u00bb top_padding=\u00bb20&#8243; bottom_padding=\u00bb50&#8243; class=\u00bblist-destaque\u00bb][vc_column width=\u00bb1\/3&#8243;][vc_column_text css_animation=\u00bbfadeIn\u00bb el_class=\u00bbdescricao-prod-int\u00bb] Te presentamos las Mermeladas Homemade, especialmente desarrolladas para rescatar la tradici\u00f3n del \u201checho en casa\u201d. El resultado es una mermelada rica en trozos de fruta, elaborada con materias primas cuidadosamente seleccionadas. [\/vc_column_text][\/vc_column][vc_column width=\u00bb1\/3&#8243;][vc_column_text css_animation=\u00bbfadeIn\u00bb el_class=\u00bbdescricao-prod-int\u00bb] Ideal para quienes aman ese sabor agridulce en las comidas, la Cebolla Caramelizada Homemade es un excelente condimento para platos, acompa\u00f1amiento de carnes y terminaciones de parrilladas, porciones variadas y preparaci\u00f3n de s\u00e1ndwiches. [\/vc_column_text][\/vc_column][vc_column width=\u00bb1\/3&#8243;][vc_column_text css_animation=\u00bbfadeIn\u00bb el_class=\u00bbdescricao-prod-int\u00bb] Una formulaci\u00f3n \u00fanica, utilizando jugo de manzana concentrado clarificado, le otorga al producto un aroma dulce y delicado, adem\u00e1s de un sabor ex\u00f3tico y diferenciado, ideal para la preparaci\u00f3n de platos gourmet. [\/vc_column_text][\/vc_column][\/vc_row][vc_row bg_image=\u00bb1137&#8243; bg_repeat=\u00bbrepeat\u00bb bg_color=\u00bb#f2f2f2&#8243; top_padding=\u00bb40&#8243; bottom_padding=\u00bb50&#8243; row_id=\u00bbprodutos-in\u00bb][vc_column width=\u00bb1\/1&#8243;][\/vc_column][\/vc_row]<\/p>\n","protected":false},"author":1,"featured_media":0,"parent":0,"menu_order":0,"comment_status":"closed","ping_status":"closed","template":"","meta":{"footnotes":""},"class_list":["post-2750","page","type-page","status-publish","hentry"],"_links":{"self":[{"href":"https:\/\/www.homemade.com.br\/es\/wp-json\/wp\/v2\/pages\/2750","targetHints":{"allow":["GET"]}}],"collection":[{"href":"https:\/\/www.homemade.com.br\/es\/wp-json\/wp\/v2\/pages"}],"about":[{"href":"https:\/\/www.homemade.com.br\/es\/wp-json\/wp\/v2\/types\/page"}],"author":[{"embeddable":true,"href":"https:\/\/www.homemade.com.br\/es\/wp-json\/wp\/v2\/users\/1"}],"replies":[{"embeddable":true,"href":"https:\/\/www.homemade.com.br\/es\/wp-json\/wp\/v2\/comments?post=2750"}],"version-history":[{"count":10,"href":"https:\/\/www.homemade.com.br\/es\/wp-json\/wp\/v2\/pages\/2750\/revisions"}],"predecessor-version":[{"id":2928,"href":"https:\/\/www.homemade.com.br\/es\/wp-json\/wp\/v2\/pages\/2750\/revisions\/2928"}],"wp:attachment":[{"href":"https:\/\/www.homemade.com.br\/es\/wp-json\/wp\/v2\/media?parent=2750"}],"curies":[{"name":"wp","href":"https:\/\/api.w.org\/{rel}","templated":true}]}}