{"id":2732,"date":"2021-01-28T09:07:37","date_gmt":"2021-01-28T12:07:37","guid":{"rendered":"https:\/\/www.homemade.com.br\/linea-de-salud\/"},"modified":"2024-12-20T18:40:10","modified_gmt":"2024-12-20T21:40:10","slug":"linea-saludable","status":"publish","type":"page","link":"https:\/\/www.homemade.com.br\/es\/linea-saludable\/","title":{"rendered":"L\u00ednea Saludable"},"content":{"rendered":"<p>[vc_row top_padding=\u00bb40&#8243;][vc_column width=\u00bb1\/1&#8243;]<h3 class=\"headline font-inherit fontsize-inherit fontweight-inherit lh-inherit align-center transform-inherit titulo-2\" style=\"margin: 0 0 20px 0; color: #991b1e;\">L\u00ednea Saludable<\/h3>[\/vc_column][\/vc_row][vc_row bottom_padding=\u00bb50&#8243;][vc_column animation=\u00bbfade-in\u00bb width=\u00bb4\/6&#8243; delay=\u00bb300&#8243;][vc_column_text css_animation=\u00bbfadeIn\u00bb el_class=\u00bbdescri-int-prod\u00bb]<\/p>\n<p style=\"text-align: center;\">Buscando siempre la innovaci\u00f3n y las tendencias del mercado, \u00a1lleg\u00f3 para quedarse la nueva mermelada Homemade elaborada con biomasa de pl\u00e1tano verde!<\/p>\n<p style=\"text-align: center;\">La biomasa de banano verde tiene una gran cantidad de fibras que nuestro organismo no puede digerir y que son importantes para mantener la integridad de la mucosa intestinal.<\/p>\n<p style=\"text-align: center;\">Previene diarreas, c\u00e1ncer, obesidad, colesterol y diabetes.<\/p>\n<p style=\"text-align: center;\">Adem\u00e1s de no contener gluten ni conservantes, son ricos en vitaminas A, B1, B2 y minerales esenciales como f\u00f3sforo, magnesio, potasio y sodio.<\/p>\n<p style=\"text-align: center;\">La Biomasa de Pl\u00e1tano Verde no cambia el sabor de los alimentos en absoluto, \u00a1y se puede consumir en diferentes preparaciones!<\/p>\n<p>[\/vc_column_text][\/vc_column][vc_column width=\u00bb1\/3&#8243;]<div class=\"imagebox wpb_content_element style-1\"><div class=\"imagebox-img\"><img decoding=\"async\" src=\"https:\/\/www.homemade.com.br\/wp-content\/uploads\/2024\/12\/linha-saude-2.jpg\" alt=\"\" \/><\/div><\/div>[\/vc_column][\/vc_row][vc_row type=\u00bbfull_width_section\u00bb top_padding=\u00bb40&#8243;][vc_column width=\u00bb1\/1&#8243;]<h3 class=\"headline font-inherit fontsize-inherit fontweight-inherit lh-inherit align-center transform-inherit titulo-2 ti-prod\" style=\"margin: 0 0 20px 0; color: #991b1e;\">Sabores<\/h3>[\/vc_column][\/vc_row][vc_row top_padding=\u00bb30&#8243; bottom_padding=\u00bb40&#8243; class=\u00bbbox-prod-list\u00bb][vc_column width=\u00bb1\/6&#8243;][\/vc_column][vc_column width=\u00bb1\/3&#8243;]<div class=\"imagebox wpb_content_element style-1\"><div class=\"imagebox-img\"><a href='https:\/\/www.homemade.com.br\/wp-content\/uploads\/2021\/07\/geleia-morango-com-biomassa-LINHA-SAUDE.png'><img decoding=\"async\" src=\"https:\/\/www.homemade.com.br\/wp-content\/uploads\/2021\/07\/geleia-morango-com-biomassa-LINHA-SAUDE.png\" alt=\"\" \/><\/a><\/div>\n<p style=\"text-align: center;\"><strong>Mermelada de Frutilla con<\/strong><br \/>\n<strong>Biomasa de Pl\u00e1tano Verde<\/strong><\/p>\n<\/div>[\/vc_column][vc_column width=\u00bb1\/3&#8243;]<div class=\"imagebox wpb_content_element style-1\"><div class=\"imagebox-img\"><a href='https:\/\/www.homemade.com.br\/wp-content\/uploads\/2021\/07\/15.png'><img decoding=\"async\" src=\"https:\/\/www.homemade.com.br\/wp-content\/uploads\/2021\/07\/15.png\" alt=\"\" \/><\/a><\/div>\n<p style=\"text-align: center;\"><strong>Mermelada de Frutilla cero<\/strong><br \/>\n<strong>con Biomasa de Pl\u00e1tano verde<\/strong><\/p>\n<\/div>[\/vc_column][\/vc_row]<\/p>\n","protected":false},"excerpt":{"rendered":"<p>[vc_row top_padding=\u00bb40&#8243;][vc_column width=\u00bb1\/1&#8243;][\/vc_column][\/vc_row][vc_row bottom_padding=\u00bb50&#8243;][vc_column animation=\u00bbfade-in\u00bb width=\u00bb4\/6&#8243; delay=\u00bb300&#8243;][vc_column_text css_animation=\u00bbfadeIn\u00bb el_class=\u00bbdescri-int-prod\u00bb] Buscando siempre la innovaci\u00f3n y las tendencias del mercado, \u00a1lleg\u00f3 para quedarse la nueva mermelada Homemade elaborada con biomasa de pl\u00e1tano verde! La biomasa de banano verde tiene una gran cantidad de fibras que nuestro organismo no puede digerir y que son importantes para mantener la integridad de la mucosa intestinal. Previene diarreas, c\u00e1ncer, obesidad, colesterol y diabetes. Adem\u00e1s de no contener gluten ni conservantes, son ricos en vitaminas A, B1, B2 y minerales esenciales como f\u00f3sforo, magnesio, potasio y sodio. La Biomasa de Pl\u00e1tano Verde no cambia el sabor de los alimentos en absoluto, \u00a1y se puede consumir en diferentes preparaciones! [\/vc_column_text][\/vc_column][vc_column width=\u00bb1\/3&#8243;][\/vc_column][\/vc_row][vc_row type=\u00bbfull_width_section\u00bb top_padding=\u00bb40&#8243;][vc_column width=\u00bb1\/1&#8243;][\/vc_column][\/vc_row][vc_row top_padding=\u00bb30&#8243; bottom_padding=\u00bb40&#8243; class=\u00bbbox-prod-list\u00bb][vc_column width=\u00bb1\/6&#8243;][\/vc_column][vc_column width=\u00bb1\/3&#8243;][\/vc_column][vc_column width=\u00bb1\/3&#8243;][\/vc_column][\/vc_row]<\/p>\n","protected":false},"author":1,"featured_media":0,"parent":0,"menu_order":0,"comment_status":"closed","ping_status":"closed","template":"","meta":{"footnotes":""},"class_list":["post-2732","page","type-page","status-publish","hentry"],"_links":{"self":[{"href":"https:\/\/www.homemade.com.br\/es\/wp-json\/wp\/v2\/pages\/2732","targetHints":{"allow":["GET"]}}],"collection":[{"href":"https:\/\/www.homemade.com.br\/es\/wp-json\/wp\/v2\/pages"}],"about":[{"href":"https:\/\/www.homemade.com.br\/es\/wp-json\/wp\/v2\/types\/page"}],"author":[{"embeddable":true,"href":"https:\/\/www.homemade.com.br\/es\/wp-json\/wp\/v2\/users\/1"}],"replies":[{"embeddable":true,"href":"https:\/\/www.homemade.com.br\/es\/wp-json\/wp\/v2\/comments?post=2732"}],"version-history":[{"count":7,"href":"https:\/\/www.homemade.com.br\/es\/wp-json\/wp\/v2\/pages\/2732\/revisions"}],"predecessor-version":[{"id":2886,"href":"https:\/\/www.homemade.com.br\/es\/wp-json\/wp\/v2\/pages\/2732\/revisions\/2886"}],"wp:attachment":[{"href":"https:\/\/www.homemade.com.br\/es\/wp-json\/wp\/v2\/media?parent=2732"}],"curies":[{"name":"wp","href":"https:\/\/api.w.org\/{rel}","templated":true}]}}