{"id":2728,"date":"2020-12-09T03:07:46","date_gmt":"2020-12-09T06:07:46","guid":{"rendered":"https:\/\/www.homemade.com.br\/contacto\/"},"modified":"2026-04-10T09:14:20","modified_gmt":"2026-04-10T12:14:20","slug":"contacto","status":"publish","type":"page","link":"https:\/\/www.homemade.com.br\/es\/contacto\/","title":{"rendered":"Contacto"},"content":{"rendered":"<p>[vc_row top_padding=\u00bb40&#8243; bottom_padding=\u00bb40&#8243; row_id=\u00bbcontato\u00bb][vc_column animation=\u00bbfade-in-from-left\u00bb width=\u00bb2\/3&#8243; delay=\u00bb500&#8243;][vc_tta_tabs][vc_tta_section title=\u00bbPreguntas y Sugerencias\u00bb tab_id=\u00bbduvidas-e-sugestoes\u00bb]\n<div class=\"wpcf7 no-js\" id=\"wpcf7-f2954-o1\" lang=\"es-ES\" dir=\"ltr\" data-wpcf7-id=\"2954\">\n<div class=\"screen-reader-response\"><p role=\"status\" aria-live=\"polite\" aria-atomic=\"true\"><\/p> <ul><\/ul><\/div>\n<form action=\"\/es\/wp-json\/wp\/v2\/pages\/2728#wpcf7-f2954-o1\" method=\"post\" class=\"wpcf7-form init\" aria-label=\"Formulario de contacto\" novalidate=\"novalidate\" data-status=\"init\">\n<fieldset class=\"hidden-fields-container\"><input type=\"hidden\" name=\"_wpcf7\" value=\"2954\" \/><input type=\"hidden\" name=\"_wpcf7_version\" value=\"6.1.5\" \/><input type=\"hidden\" name=\"_wpcf7_locale\" value=\"es_ES\" \/><input type=\"hidden\" name=\"_wpcf7_unit_tag\" value=\"wpcf7-f2954-o1\" \/><input type=\"hidden\" name=\"_wpcf7_container_post\" value=\"0\" \/><input type=\"hidden\" name=\"_wpcf7_posted_data_hash\" value=\"\" \/><input type=\"hidden\" name=\"_wpcf7_recaptcha_response\" value=\"\" \/>\n<\/fieldset>\n<div class=\"col-md-12 box-in\">\n\t<p><label> Nome*: <\/label><span class=\"wpcf7-form-control-wrap\" data-name=\"your-name\"><input size=\"40\" maxlength=\"400\" class=\"wpcf7-form-control wpcf7-text wpcf7-validates-as-required\" aria-required=\"true\" aria-invalid=\"false\" value=\"\" type=\"text\" name=\"your-name\" \/><\/span>\n\t<\/p>\n<\/div>\n<div class=\"col-md-12 box-in\">\n\t<p><label> E-mail*:<\/label><span class=\"wpcf7-form-control-wrap\" data-name=\"your-email\"><input size=\"40\" maxlength=\"400\" class=\"wpcf7-form-control wpcf7-email wpcf7-validates-as-required wpcf7-text wpcf7-validates-as-email\" aria-required=\"true\" aria-invalid=\"false\" value=\"\" type=\"email\" name=\"your-email\" \/><\/span>\n\t<\/p>\n<\/div>\n<div class=\"col-md-12 box-in\">\n\t<p><label> Telefone*:<\/label><span class=\"wpcf7-form-control-wrap\" data-name=\"your-telefone\"><input size=\"40\" maxlength=\"400\" class=\"wpcf7-form-control wpcf7-tel wpcf7-validates-as-required wpcf7-text wpcf7-validates-as-tel\" aria-required=\"true\" aria-invalid=\"false\" value=\"\" type=\"tel\" name=\"your-telefone\" \/><\/span>\n\t<\/p>\n<\/div>\n<div class=\"col-md-12 box-in\">\n\t<p><label> Envie sua d\u00favida ou sugest\u00e3o para n\u00f3s abaixo:<\/label><span class=\"wpcf7-form-control-wrap\" data-name=\"your-duvida\"><textarea cols=\"40\" rows=\"3\" maxlength=\"2000\" class=\"wpcf7-form-control wpcf7-textarea\" aria-invalid=\"false\" name=\"your-duvida\"><\/textarea><\/span>\n\t<\/p>\n<\/div>\n<p><input class=\"wpcf7-form-control wpcf7-submit has-spinner\" type=\"submit\" value=\"Enviar\" \/>\n<\/p><div class=\"wpcf7-response-output\" aria-hidden=\"true\"><\/div>\n<\/form>\n<\/div>\n<div class=\"single_image wpb_content_element align-right    mnt-6\" data-animation=\"none\" data-delay=\"0\"><img loading=\"lazy\" decoding=\"async\" class=\"\" src=\"https:\/\/www.homemade.com.br\/wp-content\/uploads\/2021\/04\/logo-150x55.png\" width=\"150\" height=\"55\" alt=\"logo\" title=\"logo\" \/><\/div>[\/vc_tta_section][vc_tta_section title=\u00bbSea nuestro socio\u00bb tab_id=\u00bbseja-nossos-parceiros\u00bb]\n<div class=\"wpcf7 no-js\" id=\"wpcf7-f2952-o2\" lang=\"es-ES\" dir=\"ltr\" data-wpcf7-id=\"2952\">\n<div class=\"screen-reader-response\"><p role=\"status\" aria-live=\"polite\" aria-atomic=\"true\"><\/p> <ul><\/ul><\/div>\n<form action=\"\/es\/wp-json\/wp\/v2\/pages\/2728#wpcf7-f2952-o2\" method=\"post\" class=\"wpcf7-form init\" aria-label=\"Formulario de contacto\" novalidate=\"novalidate\" data-status=\"init\">\n<fieldset class=\"hidden-fields-container\"><input type=\"hidden\" name=\"_wpcf7\" value=\"2952\" \/><input type=\"hidden\" name=\"_wpcf7_version\" value=\"6.1.5\" \/><input type=\"hidden\" name=\"_wpcf7_locale\" value=\"es_ES\" \/><input type=\"hidden\" name=\"_wpcf7_unit_tag\" value=\"wpcf7-f2952-o2\" \/><input type=\"hidden\" name=\"_wpcf7_container_post\" value=\"0\" \/><input type=\"hidden\" name=\"_wpcf7_posted_data_hash\" value=\"\" \/><input type=\"hidden\" name=\"_wpcf7_recaptcha_response\" value=\"\" \/>\n<\/fieldset>\n<div class=\"col-md-12 box-in\">\n\t<p><label> Nome*: <\/label><span class=\"wpcf7-form-control-wrap\" data-name=\"your-name\"><input size=\"40\" maxlength=\"400\" class=\"wpcf7-form-control wpcf7-text wpcf7-validates-as-required\" aria-required=\"true\" aria-invalid=\"false\" value=\"\" type=\"text\" name=\"your-name\" \/><\/span>\n\t<\/p>\n<\/div>\n<div class=\"col-md-12 box-in\">\n\t<p><label> E-mail*:<\/label><span class=\"wpcf7-form-control-wrap\" data-name=\"your-email\"><input size=\"40\" maxlength=\"400\" class=\"wpcf7-form-control wpcf7-email wpcf7-validates-as-required wpcf7-text wpcf7-validates-as-email\" aria-required=\"true\" aria-invalid=\"false\" value=\"\" type=\"email\" name=\"your-email\" \/><\/span>\n\t<\/p>\n<\/div>\n<div class=\"col-md-12 box-in\">\n\t<p><label> Telefone*:<\/label><span class=\"wpcf7-form-control-wrap\" data-name=\"your-telefone\"><input size=\"40\" maxlength=\"400\" class=\"wpcf7-form-control wpcf7-tel wpcf7-validates-as-required wpcf7-text wpcf7-validates-as-tel\" aria-required=\"true\" aria-invalid=\"false\" value=\"\" type=\"tel\" name=\"your-telefone\" \/><\/span>\n\t<\/p>\n<\/div>\n<div class=\"col-md-12 box-in\">\n\t<p><label> Envie as informa\u00e7\u00f5es sobre parcerias no campo abaixo*:<\/label><span class=\"wpcf7-form-control-wrap\" data-name=\"textarea-510\"><textarea cols=\"40\" rows=\"10\" maxlength=\"2000\" class=\"wpcf7-form-control wpcf7-textarea wpcf7-validates-as-required\" aria-required=\"true\" aria-invalid=\"false\" name=\"textarea-510\"><\/textarea><\/span>\n\t<\/p>\n<\/div>\n<p><input class=\"wpcf7-form-control wpcf7-submit has-spinner\" type=\"submit\" value=\"Enviar\" \/>\n<\/p><div class=\"wpcf7-response-output\" aria-hidden=\"true\"><\/div>\n<\/form>\n<\/div>\n<div class=\"single_image wpb_content_element align-right    mnt-6\" data-animation=\"none\" data-delay=\"0\"><img loading=\"lazy\" decoding=\"async\" class=\"\" src=\"https:\/\/www.homemade.com.br\/wp-content\/uploads\/2021\/04\/logo-150x55.png\" width=\"150\" height=\"55\" alt=\"logo\" title=\"logo\" \/><\/div>[\/vc_tta_section][vc_tta_section title=\u00bbTrabaja con nosotros\u00bb tab_id=\u00bbtrabalho-conosco\u00bb]\n<div class=\"wpcf7 no-js\" id=\"wpcf7-f2956-o3\" lang=\"es-ES\" dir=\"ltr\" data-wpcf7-id=\"2956\">\n<div class=\"screen-reader-response\"><p role=\"status\" aria-live=\"polite\" aria-atomic=\"true\"><\/p> <ul><\/ul><\/div>\n<form action=\"\/es\/wp-json\/wp\/v2\/pages\/2728#wpcf7-f2956-o3\" method=\"post\" class=\"wpcf7-form init\" aria-label=\"Formulario de contacto\" enctype=\"multipart\/form-data\" novalidate=\"novalidate\" data-status=\"init\">\n<fieldset class=\"hidden-fields-container\"><input type=\"hidden\" name=\"_wpcf7\" value=\"2956\" \/><input type=\"hidden\" name=\"_wpcf7_version\" value=\"6.1.5\" \/><input type=\"hidden\" name=\"_wpcf7_locale\" value=\"es_ES\" \/><input type=\"hidden\" name=\"_wpcf7_unit_tag\" value=\"wpcf7-f2956-o3\" \/><input type=\"hidden\" name=\"_wpcf7_container_post\" value=\"0\" \/><input type=\"hidden\" name=\"_wpcf7_posted_data_hash\" value=\"\" \/><input type=\"hidden\" name=\"_wpcf7_recaptcha_response\" value=\"\" \/>\n<\/fieldset>\n<div class=\"col-md-12 box-in\">\n\t<p><label> Nome*: <\/label><span class=\"wpcf7-form-control-wrap\" data-name=\"your-name\"><input size=\"40\" maxlength=\"400\" class=\"wpcf7-form-control wpcf7-text wpcf7-validates-as-required\" aria-required=\"true\" aria-invalid=\"false\" value=\"\" type=\"text\" name=\"your-name\" \/><\/span>\n\t<\/p>\n<\/div>\n<div class=\"col-md-12 box-in\">\n\t<p><label> E-mail*:<\/label><span class=\"wpcf7-form-control-wrap\" data-name=\"your-email\"><input size=\"40\" maxlength=\"400\" class=\"wpcf7-form-control wpcf7-email wpcf7-validates-as-required wpcf7-text wpcf7-validates-as-email\" aria-required=\"true\" aria-invalid=\"false\" value=\"\" type=\"email\" name=\"your-email\" \/><\/span>\n\t<\/p>\n<\/div>\n<div class=\"col-md-12 box-in\">\n\t<p><label> Telefone*:<\/label><span class=\"wpcf7-form-control-wrap\" data-name=\"your-telefone\"><input size=\"40\" maxlength=\"400\" class=\"wpcf7-form-control wpcf7-tel wpcf7-validates-as-required wpcf7-text wpcf7-validates-as-tel\" aria-required=\"true\" aria-invalid=\"false\" value=\"\" type=\"tel\" name=\"your-telefone\" \/><\/span>\n\t<\/p>\n<\/div>\n<div class=\"col-md-12 box-in\">\n\t<p><label> Envie seu curr\u00edculo* (Word ou PDF):<\/label><span class=\"wpcf7-form-control-wrap\" data-name=\"your-arquivo\"><input size=\"40\" class=\"wpcf7-form-control wpcf7-file wpcf7-validates-as-required\" accept=\".pdf,.doc,.docx,.txt\" aria-required=\"true\" aria-invalid=\"false\" type=\"file\" name=\"your-arquivo\" \/><\/span>\n\t<\/p>\n<\/div>\n<p><input class=\"wpcf7-form-control wpcf7-submit has-spinner\" type=\"submit\" value=\"Enviar\" \/>\n<\/p><div class=\"wpcf7-response-output\" aria-hidden=\"true\"><\/div>\n<\/form>\n<\/div>\n<div class=\"single_image wpb_content_element align-right    mnt-6\" data-animation=\"none\" data-delay=\"0\"><img loading=\"lazy\" decoding=\"async\" class=\"\" src=\"https:\/\/www.homemade.com.br\/wp-content\/uploads\/2021\/04\/logo-150x55.png\" width=\"150\" height=\"55\" alt=\"logo\" title=\"logo\" \/><\/div>[\/vc_tta_section][\/vc_tta_tabs][\/vc_column][vc_column width=\u00bb1\/3&#8243;][vc_column_text css_animation=\u00bbfadeInRight\u00bb el_class=\u00bbdescricao-contato\u00bb]<\/p>\n<h2 style=\"text-align: center;\">Preguntas y Sugerencias.<\/h2>\n<p style=\"text-align: center;\">Env\u00edanos tus dudas o sugerencias<br \/>\nv\u00eda correo electr\u00f3nico:<br \/>\n<a href=\"mailto:homemade@homemade.com.br\"><span style=\"font-weight: 400;\">homemade@homemade.com.br<\/span><\/a><\/p>\n<p style=\"text-align: center;\">Homemade Alimentos Ltda.<br \/>\nR. Mar\u00eda Soldeira Louren\u00e7on, 801 \u2013 C\u00f3digo Postal 13295-636<br \/>\nSanta J\u00falia \u2013 Itupeva \u2013 SP \u2013 Brasil<br \/>\nTel\u00e9fono: (11) 4496-4190<\/p>\n<p>[\/vc_column_text][\/vc_column][\/vc_row][vc_row type=\u00bbfull_width_section\u00bb row_id=\u00bbmap-contato\u00bb][vc_column animation=\u00bbfade-in-from-bottom\u00bb width=\u00bb1\/1&#8243; delay=\u00bb500&#8243;][vc_column_text]<iframe loading=\"lazy\" style=\"border: 0;\" src=\"https:\/\/www.google.com\/maps\/embed?pb=!1m18!1m12!1m3!1d3668.3102785324727!2d-47.05377268555381!3d-23.15887305273565!2m3!1f0!2f0!3f0!3m2!1i1024!2i768!4f13.1!3m3!1m2!1s0x94cf373677ef8c03%3A0xec87739b35320efb!2sHomemade%20Alimentos!5e0!3m2!1spt-BR!2sbr!4v1619185196128!5m2!1spt-BR!2sbr\" width=\"100%\" height=\"300\" allowfullscreen=\"allowfullscreen\"><\/iframe>[\/vc_column_text][\/vc_column][\/vc_row]<\/p>\n","protected":false},"excerpt":{"rendered":"<p>[vc_row top_padding=\u00bb40&#8243; bottom_padding=\u00bb40&#8243; row_id=\u00bbcontato\u00bb][vc_column animation=\u00bbfade-in-from-left\u00bb width=\u00bb2\/3&#8243; delay=\u00bb500&#8243;][vc_tta_tabs][vc_tta_section title=\u00bbPreguntas y Sugerencias\u00bb tab_id=\u00bbduvidas-e-sugestoes\u00bb][\/vc_tta_section][vc_tta_section title=\u00bbSea nuestro socio\u00bb tab_id=\u00bbseja-nossos-parceiros\u00bb][\/vc_tta_section][vc_tta_section title=\u00bbTrabaja con nosotros\u00bb tab_id=\u00bbtrabalho-conosco\u00bb][\/vc_tta_section][\/vc_tta_tabs][\/vc_column][vc_column width=\u00bb1\/3&#8243;][vc_column_text css_animation=\u00bbfadeInRight\u00bb el_class=\u00bbdescricao-contato\u00bb] Preguntas y Sugerencias. Env\u00edanos tus dudas o sugerencias v\u00eda correo electr\u00f3nico: homemade@homemade.com.br Homemade Alimentos Ltda. R. Mar\u00eda Soldeira Louren\u00e7on, 801 \u2013 C\u00f3digo Postal 13295-636 Santa J\u00falia \u2013 Itupeva \u2013 SP \u2013 Brasil Tel\u00e9fono: (11) 4496-4190 [\/vc_column_text][\/vc_column][\/vc_row][vc_row type=\u00bbfull_width_section\u00bb row_id=\u00bbmap-contato\u00bb][vc_column animation=\u00bbfade-in-from-bottom\u00bb width=\u00bb1\/1&#8243; delay=\u00bb500&#8243;][vc_column_text][\/vc_column_text][\/vc_column][\/vc_row]<\/p>\n","protected":false},"author":1,"featured_media":0,"parent":0,"menu_order":0,"comment_status":"closed","ping_status":"closed","template":"","meta":{"footnotes":""},"class_list":["post-2728","page","type-page","status-publish","hentry"],"_links":{"self":[{"href":"https:\/\/www.homemade.com.br\/es\/wp-json\/wp\/v2\/pages\/2728","targetHints":{"allow":["GET"]}}],"collection":[{"href":"https:\/\/www.homemade.com.br\/es\/wp-json\/wp\/v2\/pages"}],"about":[{"href":"https:\/\/www.homemade.com.br\/es\/wp-json\/wp\/v2\/types\/page"}],"author":[{"embeddable":true,"href":"https:\/\/www.homemade.com.br\/es\/wp-json\/wp\/v2\/users\/1"}],"replies":[{"embeddable":true,"href":"https:\/\/www.homemade.com.br\/es\/wp-json\/wp\/v2\/comments?post=2728"}],"version-history":[{"count":6,"href":"https:\/\/www.homemade.com.br\/es\/wp-json\/wp\/v2\/pages\/2728\/revisions"}],"predecessor-version":[{"id":4401,"href":"https:\/\/www.homemade.com.br\/es\/wp-json\/wp\/v2\/pages\/2728\/revisions\/4401"}],"wp:attachment":[{"href":"https:\/\/www.homemade.com.br\/es\/wp-json\/wp\/v2\/media?parent=2728"}],"curies":[{"name":"wp","href":"https:\/\/api.w.org\/{rel}","templated":true}]}}