{"id":2727,"date":"2021-01-27T16:34:02","date_gmt":"2021-01-27T19:34:02","guid":{"rendered":"https:\/\/www.homemade.com.br\/jaleas-de-recreacion\/"},"modified":"2024-12-20T18:37:17","modified_gmt":"2024-12-20T21:37:17","slug":"mermeladas-recreio","status":"publish","type":"page","link":"https:\/\/www.homemade.com.br\/es\/mermeladas-recreio\/","title":{"rendered":"Mermeladas Recreio"},"content":{"rendered":"<p>[vc_row top_padding=\u00bb30&#8243;][vc_column width=\u00bb1\/1&#8243;]<h3 class=\"headline font-inherit fontsize-inherit fontweight-inherit lh-inherit align-center transform-inherit titulo-2\" style=\"margin: 0 0 20px 0; color: #991b1e;\">Mermeladas Recreio<\/h3>[\/vc_column][\/vc_row][vc_row bottom_padding=\u00bb0&#8243;][vc_column animation=\u00bbfade-in\u00bb width=\u00bb4\/6&#8243; delay=\u00bb300&#8243;][vc_column_text css_animation=\u00bbfadeIn\u00bb el_class=\u00bbdescri-int-prod\u00bb]<\/p>\n<p style=\"text-align: center;\">Mermeladas Recreio Homemade relanzadas, ahora con un nuevo dise\u00f1o y a\u00fan m\u00e1s delicioso para tu vida diaria. Puedes encontrar Mermeladas Recreio en potes de 230g, en sabores Frutilla, Uva y Guayaba.<\/p>\n<p style=\"text-align: center;\">Rescatando los momentos m\u00e1s especiales de tu infancia con mucho sabor, vitaminas, nutrientes y minerales para llevar m\u00e1s salud al d\u00eda a d\u00eda de toda la familia.<\/p>\n<p>[\/vc_column_text][\/vc_column][vc_column el_class=\u00bbbox-aj-prrecreio b-recreio\u00bb width=\u00bb1\/3&#8243;]<div class=\"single_image wpb_content_element align-center  animate   imf-princ-10 imagebox-img\" data-animation=\"fade-in\" data-delay=\"300\"><img loading=\"lazy\" decoding=\"async\" width=\"1080\" height=\"1080\" src=\"https:\/\/www.homemade.com.br\/wp-content\/uploads\/2024\/12\/geleia-recreio-2.jpg\" class=\"attachment-full\" alt=\"\" srcset=\"https:\/\/www.homemade.com.br\/wp-content\/uploads\/2024\/12\/geleia-recreio-2-80x80.jpg 80w, https:\/\/www.homemade.com.br\/wp-content\/uploads\/2024\/12\/geleia-recreio-2-150x150.jpg 150w, https:\/\/www.homemade.com.br\/wp-content\/uploads\/2024\/12\/geleia-recreio-2-80x80@2x.jpg 160w, https:\/\/www.homemade.com.br\/wp-content\/uploads\/2024\/12\/geleia-recreio-2-150x150@2x.jpg 300w, https:\/\/www.homemade.com.br\/wp-content\/uploads\/2024\/12\/geleia-recreio-2-380x380.jpg 380w, https:\/\/www.homemade.com.br\/wp-content\/uploads\/2024\/12\/geleia-recreio-2-500x500.jpg 500w, https:\/\/www.homemade.com.br\/wp-content\/uploads\/2024\/12\/geleia-recreio-2-300x300@2x.jpg 600w, https:\/\/www.homemade.com.br\/wp-content\/uploads\/2024\/12\/geleia-recreio-2-660x660.jpg 660w, https:\/\/www.homemade.com.br\/wp-content\/uploads\/2024\/12\/geleia-recreio-2-380x380@2x.jpg 760w, https:\/\/www.homemade.com.br\/wp-content\/uploads\/2024\/12\/geleia-recreio-2-768x768.jpg 768w, https:\/\/www.homemade.com.br\/wp-content\/uploads\/2024\/12\/geleia-recreio-2-800x800.jpg 800w, https:\/\/www.homemade.com.br\/wp-content\/uploads\/2024\/12\/geleia-recreio-2-500x500@2x.jpg 1000w, https:\/\/www.homemade.com.br\/wp-content\/uploads\/2024\/12\/geleia-recreio-2-1024x1024.jpg 1024w, https:\/\/www.homemade.com.br\/wp-content\/uploads\/2024\/12\/geleia-recreio-2.jpg 1080w\" sizes=\"auto, (max-width: 380px) 35.185185185185vw,(max-width: 500px) 46.296296296296vw,(max-width: 660px) 61.111111111111vw,(max-width: 800px) 74.074074074074vw,1080px\" \/><\/div>[\/vc_column][\/vc_row][vc_row type=\u00bbfull_width_section\u00bb top_padding=\u00bb40&#8243;][vc_column width=\u00bb1\/1&#8243;]<h3 class=\"headline font-inherit fontsize-inherit fontweight-inherit lh-inherit align-center transform-inherit titulo-2 ti-prod\" style=\"margin: 0 0 20px 0; color: #991b1e;\">Sabores<\/h3>[\/vc_column][\/vc_row][vc_row top_padding=\u00bb30&#8243; bottom_padding=\u00bb40&#8243; class=\u00bbbox-prod-list\u00bb row_id=\u00bbbox-prod-list center-prod\u00bb][vc_column width=\u00bb1\/5&#8243;][\/vc_column][vc_column width=\u00bb1\/5&#8243;]<div class=\"imagebox wpb_content_element style-1\"><div class=\"imagebox-img\"><a href='https:\/\/www.homemade.com.br\/wp-content\/uploads\/2021\/09\/recreio_morango.png'><img decoding=\"async\" src=\"https:\/\/www.homemade.com.br\/wp-content\/uploads\/2021\/09\/recreio_morango.png\" alt=\"\" \/><\/a><\/div>\n<p style=\"text-align: center;\"><strong>Mermelada de frutilla<\/strong><\/p>\n<\/div>[\/vc_column][vc_column width=\u00bb1\/5&#8243;]<div class=\"imagebox wpb_content_element style-1\"><div class=\"imagebox-img\"><a href='https:\/\/www.homemade.com.br\/wp-content\/uploads\/2021\/09\/recreio_uva.png'><img decoding=\"async\" src=\"https:\/\/www.homemade.com.br\/wp-content\/uploads\/2021\/09\/recreio_uva.png\" alt=\"\" \/><\/a><\/div>\n<p style=\"text-align: center;\"><strong>Mermelada de Uva<\/strong><\/p>\n<\/div>[\/vc_column][vc_column width=\u00bb1\/5&#8243;]<div class=\"imagebox wpb_content_element style-1\"><div class=\"imagebox-img\"><a href='https:\/\/www.homemade.com.br\/wp-content\/uploads\/2021\/09\/recreio_goiaba.png'><img decoding=\"async\" src=\"https:\/\/www.homemade.com.br\/wp-content\/uploads\/2021\/09\/recreio_goiaba.png\" alt=\"\" \/><\/a><\/div>\n<p style=\"text-align: center;\"><strong>Mermelada de Guayaba<\/strong><\/p>\n<\/div>[\/vc_column][vc_column width=\u00bb1\/5&#8243;][\/vc_column][\/vc_row]<\/p>\n","protected":false},"excerpt":{"rendered":"<p>[vc_row top_padding=\u00bb30&#8243;][vc_column width=\u00bb1\/1&#8243;][\/vc_column][\/vc_row][vc_row bottom_padding=\u00bb0&#8243;][vc_column animation=\u00bbfade-in\u00bb width=\u00bb4\/6&#8243; delay=\u00bb300&#8243;][vc_column_text css_animation=\u00bbfadeIn\u00bb el_class=\u00bbdescri-int-prod\u00bb] Mermeladas Recreio Homemade relanzadas, ahora con un nuevo dise\u00f1o y a\u00fan m\u00e1s delicioso para tu vida diaria. Puedes encontrar Mermeladas Recreio en potes de 230g, en sabores Frutilla, Uva y Guayaba. Rescatando los momentos m\u00e1s especiales de tu infancia con mucho sabor, vitaminas, nutrientes y minerales para llevar m\u00e1s salud al d\u00eda a d\u00eda de toda la familia. [\/vc_column_text][\/vc_column][vc_column el_class=\u00bbbox-aj-prrecreio b-recreio\u00bb width=\u00bb1\/3&#8243;][\/vc_column][\/vc_row][vc_row type=\u00bbfull_width_section\u00bb top_padding=\u00bb40&#8243;][vc_column width=\u00bb1\/1&#8243;][\/vc_column][\/vc_row][vc_row top_padding=\u00bb30&#8243; bottom_padding=\u00bb40&#8243; class=\u00bbbox-prod-list\u00bb row_id=\u00bbbox-prod-list center-prod\u00bb][vc_column width=\u00bb1\/5&#8243;][\/vc_column][vc_column width=\u00bb1\/5&#8243;][\/vc_column][vc_column width=\u00bb1\/5&#8243;][\/vc_column][vc_column width=\u00bb1\/5&#8243;][\/vc_column][vc_column width=\u00bb1\/5&#8243;][\/vc_column][\/vc_row]<\/p>\n","protected":false},"author":1,"featured_media":0,"parent":0,"menu_order":0,"comment_status":"closed","ping_status":"closed","template":"","meta":{"footnotes":""},"class_list":["post-2727","page","type-page","status-publish","hentry"],"_links":{"self":[{"href":"https:\/\/www.homemade.com.br\/es\/wp-json\/wp\/v2\/pages\/2727","targetHints":{"allow":["GET"]}}],"collection":[{"href":"https:\/\/www.homemade.com.br\/es\/wp-json\/wp\/v2\/pages"}],"about":[{"href":"https:\/\/www.homemade.com.br\/es\/wp-json\/wp\/v2\/types\/page"}],"author":[{"embeddable":true,"href":"https:\/\/www.homemade.com.br\/es\/wp-json\/wp\/v2\/users\/1"}],"replies":[{"embeddable":true,"href":"https:\/\/www.homemade.com.br\/es\/wp-json\/wp\/v2\/comments?post=2727"}],"version-history":[{"count":9,"href":"https:\/\/www.homemade.com.br\/es\/wp-json\/wp\/v2\/pages\/2727\/revisions"}],"predecessor-version":[{"id":4110,"href":"https:\/\/www.homemade.com.br\/es\/wp-json\/wp\/v2\/pages\/2727\/revisions\/4110"}],"wp:attachment":[{"href":"https:\/\/www.homemade.com.br\/es\/wp-json\/wp\/v2\/media?parent=2727"}],"curies":[{"name":"wp","href":"https:\/\/api.w.org\/{rel}","templated":true}]}}