{"id":2711,"date":"2021-01-28T03:52:59","date_gmt":"2021-01-28T06:52:59","guid":{"rendered":"https:\/\/www.homemade.com.br\/linea-organica\/"},"modified":"2024-12-20T18:41:33","modified_gmt":"2024-12-20T21:41:33","slug":"linea-organica","status":"publish","type":"page","link":"https:\/\/www.homemade.com.br\/es\/linea-organica\/","title":{"rendered":"L\u00ednea Org\u00e1nica"},"content":{"rendered":"<p>[vc_row top_padding=\u00bb40&#8243;][vc_column width=\u00bb1\/1&#8243;]<h3 class=\"headline font-inherit fontsize-inherit fontweight-inherit lh-inherit align-center transform-inherit titulo-2\" style=\"margin: 0 0 20px 0; color: #991b1e;\">L\u00ednea Org\u00e1nica<\/h3>[\/vc_column][\/vc_row][vc_row top_padding=\u00bb20&#8243; bottom_padding=\u00bb110&#8243;][vc_column animation=\u00bbfade-in\u00bb width=\u00bb4\/6&#8243; delay=\u00bb300&#8243;][vc_column_text css_animation=\u00bbfadeIn\u00bb el_class=\u00bbdescri-int-prod\u00bb]<\/p>\n<p style=\"text-align: center;\">\u00a1Perfecta combinaci\u00f3n de nutrici\u00f3n y sabor! La Mermelada de Pl\u00e1tano y A\u00e7a\u00ed org\u00e1nica es rica en nutrientes, saludable y est\u00e1 elaborada con ingredientes libres de pesticidas y organismos gen\u00e9ticamente modificados. Tiene un sabor natural que solo tienen los productos org\u00e1nicos.<\/p>\n<p style=\"text-align: center;\">Todos los productos org\u00e1nicos HOMEMADE cuentan con el sello de producto org\u00e1nico otorgado por IBD Certifications (el mayor autenticador del sector en Am\u00e9rica Latina) el cual es reconocido mundialmente y legitima la conformidad de la producci\u00f3n de la MERMELADA DE A\u00c7A\u00cd Y BANANA con est\u00e1ndares internacionales de ausencia de productos qu\u00edmicos y reducci\u00f3n de da\u00f1o ambiental.<\/p>\n<p>[\/vc_column_text][\/vc_column][vc_column el_class=\u00bbbox-produs-g\u00bb animation=\u00bbfade-in\u00bb width=\u00bb1\/3&#8243; delay=\u00bb300&#8243;]<div class=\"imagebox wpb_content_element style-1\"><div class=\"imagebox-img\"><img decoding=\"async\" src=\"https:\/\/www.homemade.com.br\/wp-content\/uploads\/2024\/12\/organicos-2.jpg\" alt=\"\" \/><\/div><\/div>[\/vc_column][\/vc_row][vc_row][vc_column width=\u00bb1\/1&#8243;]<h3 class=\"headline font-inherit fontsize-inherit fontweight-inherit lh-inherit align-center transform-inherit titulo-2 ti-prod\" style=\"margin: 0 0 20px 0; color: #991b1e;\">Sabores<\/h3>[\/vc_column][\/vc_row][vc_row top_padding=\u00bb30&#8243; bottom_padding=\u00bb40&#8243; class=\u00bbbox-prod-list centprod\u00bb][vc_column width=\u00bb1\/4&#8243;]<div class=\"imagebox wpb_content_element style-1\"><div class=\"imagebox-img\"><a href='https:\/\/www.homemade.com.br\/wp-content\/uploads\/2024\/01\/Geleia-organica-Ac\u0327ai\u0301-e-Banana.jpg'><img decoding=\"async\" src=\"https:\/\/www.homemade.com.br\/wp-content\/uploads\/2024\/01\/Geleia-organica-Ac\u0327ai\u0301-e-Banana.jpg\" alt=\"\" \/><\/a><\/div>\n<p style=\"text-align: center;\"><strong>Mermelada de A\u00e7a\u00ed y Pl\u00e1tano Org\u00e1nico<\/strong><\/p>\n<\/div>[\/vc_column][\/vc_row]<\/p>\n","protected":false},"excerpt":{"rendered":"<p>[vc_row top_padding=\u00bb40&#8243;][vc_column width=\u00bb1\/1&#8243;][\/vc_column][\/vc_row][vc_row top_padding=\u00bb20&#8243; bottom_padding=\u00bb110&#8243;][vc_column animation=\u00bbfade-in\u00bb width=\u00bb4\/6&#8243; delay=\u00bb300&#8243;][vc_column_text css_animation=\u00bbfadeIn\u00bb el_class=\u00bbdescri-int-prod\u00bb] \u00a1Perfecta combinaci\u00f3n de nutrici\u00f3n y sabor! La Mermelada de Pl\u00e1tano y A\u00e7a\u00ed org\u00e1nica es rica en nutrientes, saludable y est\u00e1 elaborada con ingredientes libres de pesticidas y organismos gen\u00e9ticamente modificados. Tiene un sabor natural que solo tienen los productos org\u00e1nicos. Todos los productos org\u00e1nicos HOMEMADE cuentan con el sello de producto org\u00e1nico otorgado por IBD Certifications (el mayor autenticador del sector en Am\u00e9rica Latina) el cual es reconocido mundialmente y legitima la conformidad de la producci\u00f3n de la MERMELADA DE A\u00c7A\u00cd Y BANANA con est\u00e1ndares internacionales de ausencia de productos qu\u00edmicos y reducci\u00f3n de da\u00f1o ambiental. [\/vc_column_text][\/vc_column][vc_column el_class=\u00bbbox-produs-g\u00bb animation=\u00bbfade-in\u00bb width=\u00bb1\/3&#8243; delay=\u00bb300&#8243;][\/vc_column][\/vc_row][vc_row][vc_column width=\u00bb1\/1&#8243;][\/vc_column][\/vc_row][vc_row top_padding=\u00bb30&#8243; bottom_padding=\u00bb40&#8243; class=\u00bbbox-prod-list centprod\u00bb][vc_column width=\u00bb1\/4&#8243;][\/vc_column][\/vc_row]<\/p>\n","protected":false},"author":1,"featured_media":0,"parent":0,"menu_order":0,"comment_status":"closed","ping_status":"closed","template":"","meta":{"footnotes":""},"class_list":["post-2711","page","type-page","status-publish","hentry"],"_links":{"self":[{"href":"https:\/\/www.homemade.com.br\/es\/wp-json\/wp\/v2\/pages\/2711","targetHints":{"allow":["GET"]}}],"collection":[{"href":"https:\/\/www.homemade.com.br\/es\/wp-json\/wp\/v2\/pages"}],"about":[{"href":"https:\/\/www.homemade.com.br\/es\/wp-json\/wp\/v2\/types\/page"}],"author":[{"embeddable":true,"href":"https:\/\/www.homemade.com.br\/es\/wp-json\/wp\/v2\/users\/1"}],"replies":[{"embeddable":true,"href":"https:\/\/www.homemade.com.br\/es\/wp-json\/wp\/v2\/comments?post=2711"}],"version-history":[{"count":18,"href":"https:\/\/www.homemade.com.br\/es\/wp-json\/wp\/v2\/pages\/2711\/revisions"}],"predecessor-version":[{"id":4138,"href":"https:\/\/www.homemade.com.br\/es\/wp-json\/wp\/v2\/pages\/2711\/revisions\/4138"}],"wp:attachment":[{"href":"https:\/\/www.homemade.com.br\/es\/wp-json\/wp\/v2\/media?parent=2711"}],"curies":[{"name":"wp","href":"https:\/\/api.w.org\/{rel}","templated":true}]}}