{"id":2695,"date":"2020-12-09T03:05:56","date_gmt":"2020-12-09T06:05:56","guid":{"rendered":"https:\/\/www.homemade.com.br\/quienes-somos\/"},"modified":"2022-08-08T17:01:59","modified_gmt":"2022-08-08T20:01:59","slug":"quienes-somos","status":"publish","type":"page","link":"https:\/\/www.homemade.com.br\/es\/quienes-somos\/","title":{"rendered":"Quienes somos"},"content":{"rendered":"<p>[vc_row type=\u00bbfull_width_section\u00bb row_id=\u00bbbanner_quem_somos\u00bb][vc_column]\n\t\t\t<!-- START Banner quem somos REVOLUTION SLIDER 6.2.23 --><p class=\"rs-p-wp-fix\"><\/p>\n\t\t\t<rs-module-wrap id=\"rev_slider_3_1_wrapper\" data-source=\"gallery\" style=\"background:transparent;padding:0;margin:0px auto;margin-top:0;margin-bottom:0;\">\n\t\t\t\t<rs-module id=\"rev_slider_3_1\" style=\"\" data-version=\"6.2.23\">\n\t\t\t\t\t<rs-slides>\n\t\t\t\t\t\t<rs-slide data-key=\"rs-11\" data-title=\"Slide\" data-anim=\"ei:d;eo:d;s:1000;r:0;t:fade;sl:0;\">\n\t\t\t\t\t\t\t<img decoding=\"async\" src=\"\/\/www.homemade.com.br\/wp-content\/plugins\/revslider\/public\/assets\/assets\/transparent.png\" title=\"Quienes somos\" class=\"rev-slidebg\" data-no-retina>\n\t\t\t\t\t\t\t<rs-bgvideo \n\t\t\t\t\t\t\t\tdata-video=\"w:100%;h:100%;nse:false;l:true;ptimer:false;\"\n\t\t\t\t\t\t\t\tdata-mp4=\"\/\/www.homemade.com.br\/wp-content\/uploads\/2021\/05\/video2.mp4\"\n\t\t\t\t\t\t\t><\/rs-bgvideo>\n<!---->\t\t\t\t\t\t<\/rs-slide>\n\t\t\t\t\t<\/rs-slides>\n\t\t\t\t<\/rs-module>\n\t\t\t\t<script type=\"text\/javascript\">\n\t\t\t\t\tsetREVStartSize({c: 'rev_slider_3_1',rl:[1240,1024,778,480],el:[400],gw:[1240],gh:[400],type:'hero',justify:'',layout:'fullwidth',mh:\"0\"});\n\t\t\t\t\tvar\trevapi3,\n\t\t\t\t\t\ttpj;\n\t\t\t\t\tfunction revinit_revslider31() {\n\t\t\t\t\tjQuery(function() {\n\t\t\t\t\t\ttpj = jQuery;\n\t\t\t\t\t\trevapi3 = tpj(\"#rev_slider_3_1\");\n\t\t\t\t\t\tif(revapi3==undefined || revapi3.revolution == undefined){\n\t\t\t\t\t\t\trevslider_showDoubleJqueryError(\"rev_slider_3_1\");\n\t\t\t\t\t\t}else{\n\t\t\t\t\t\t\trevapi3.revolution({\n\t\t\t\t\t\t\t\tsliderType:\"hero\",\n\t\t\t\t\t\t\t\tsliderLayout:\"fullwidth\",\n\t\t\t\t\t\t\t\tvisibilityLevels:\"1240,1024,778,480\",\n\t\t\t\t\t\t\t\tgridwidth:1240,\n\t\t\t\t\t\t\t\tgridheight:400,\n\t\t\t\t\t\t\t\tspinner:\"spinner0\",\n\t\t\t\t\t\t\t\tperspective:600,\n\t\t\t\t\t\t\t\tperspectiveType:\"global\",\n\t\t\t\t\t\t\t\teditorheight:\"400,768,960,720\",\n\t\t\t\t\t\t\t\tresponsiveLevels:\"1240,1024,778,480\",\n\t\t\t\t\t\t\t\tprogressBar:{disableProgressBar:true},\n\t\t\t\t\t\t\t\tnavigation: {\n\t\t\t\t\t\t\t\t\tonHoverStop:false\n\t\t\t\t\t\t\t\t},\n\t\t\t\t\t\t\t\tfallbacks: {\n\t\t\t\t\t\t\t\t\tallowHTML5AutoPlayOnAndroid:true\n\t\t\t\t\t\t\t\t},\n\t\t\t\t\t\t\t});\n\t\t\t\t\t\t}\n\t\t\t\t\t\t\n\t\t\t\t\t});\n\t\t\t\t\t} \/\/ End of RevInitScript\n\t\t\t\tvar once_revslider31 = false;\n\t\t\t\tif (document.readyState === \"loading\") {document.addEventListener('readystatechange',function() { if((document.readyState === \"interactive\" || document.readyState === \"complete\") && !once_revslider31 ) { once_revslider31 = true; revinit_revslider31();}});} else {once_revslider31 = true; revinit_revslider31();}\n\t\t\t\t<\/script>\n\t\t\t<\/rs-module-wrap>\n\t\t\t<!-- END REVOLUTION SLIDER -->\n[\/vc_column][\/vc_row][vc_row bottom_padding=\u00bb60&#8243; row_id=\u00bbhistoria\u00bb][vc_column animation=\u00bbfade-in-from-right\u00bb width=\u00bb1\/1&#8243; delay=\u00bb500&#8243;]<h3 class=\"headline font-inherit fontsize-inherit fontweight-inherit lh-inherit align-center transform-inherit titulo-2\" style=\"margin: 49px 0 60px 0; color: #8a020c;\">Historia<\/h3>[vc_column_text css_animation=\u00bbfadeIn\u00bb el_class=\u00bbdescricao\u00bb]<\/p>\n<p style=\"text-align: center;\">La tradici\u00f3n y experiencia de Homemade en el rubro de las mermeladas caseras marca la diferencia a la hora de ofrecerte los mejores productos.<br \/>\nEn el mercado desde 1968, la marca fue fundada por el Bar\u00f3n Von Leitner, responsable de crear la receta en su sitio ubicado en Campos do Jord\u00e3o, en la regi\u00f3n monta\u00f1osa del estado de S\u00e3o Paulo.<\/p>\n<div id=\"attachment_1745\" style=\"width: 305px\" class=\"wp-caption aligncenter\"><img loading=\"lazy\" decoding=\"async\" aria-describedby=\"caption-attachment-1745\" class=\"wp-image-1745 size-medium\" src=\"https:\/\/www.homemade.com.br\/wp-content\/uploads\/2021\/09\/campos-295x300.jpg\" alt=\"\" width=\"295\" height=\"300\" srcset=\"https:\/\/www.homemade.com.br\/wp-content\/uploads\/2021\/09\/campos-80x80.jpg 80w, https:\/\/www.homemade.com.br\/wp-content\/uploads\/2021\/09\/campos-80x80@2x.jpg 158w, https:\/\/www.homemade.com.br\/wp-content\/uploads\/2021\/09\/campos-150x150@2x.jpg 295w, https:\/\/www.homemade.com.br\/wp-content\/uploads\/2021\/09\/campos.jpg 317w\" sizes=\"auto, (max-width: 380px) 128.81355932203vw,(max-width: 500px) 169.49152542373vw,(max-width: 660px) 223.72881355932vw,(max-width: 800px) 271.18644067797vw,295px\" \/><p id=\"caption-attachment-1745\" class=\"wp-caption-text\">Campos do Jord\u00e3o en los a\u00f1os 60<\/p><\/div>\n<p style=\"text-align: center;\">El \u00e9xito de la receta fue tan grande que varias tiendas de delicatessen empezaron a interesarse por las deliciosas mermeladas que elaboraba el Bar\u00f3n.<br \/>\nDebido a esto, en poco tiempo, la mermelada casera gan\u00f3 clientes en todo el estado y la empresa comenz\u00f3 a expandir su distribuci\u00f3n en todo el pa\u00eds.<\/p>\n<div id=\"attachment_1744\" style=\"width: 310px\" class=\"wp-caption aligncenter\"><img loading=\"lazy\" decoding=\"async\" aria-describedby=\"caption-attachment-1744\" class=\"size-medium wp-image-1744\" src=\"https:\/\/www.homemade.com.br\/wp-content\/uploads\/2021\/09\/potes-de-geleia-300x200.jpg\" alt=\"\" width=\"300\" height=\"200\" srcset=\"https:\/\/www.homemade.com.br\/wp-content\/uploads\/2021\/09\/potes-de-geleia-80x80@2x.jpg 160w, https:\/\/www.homemade.com.br\/wp-content\/uploads\/2021\/09\/potes-de-geleia-300x200.jpg 300w, https:\/\/www.homemade.com.br\/wp-content\/uploads\/2021\/09\/potes-de-geleia.jpg 376w\" sizes=\"auto, (max-width: 380px) 126.66666666667vw,(max-width: 500px) 166.66666666667vw,(max-width: 660px) 220vw,(max-width: 800px) 266.66666666667vw,300px\" \/><p id=\"caption-attachment-1744\" class=\"wp-caption-text\">Tarros de mermelada en la f\u00e1brica<\/p><\/div>\n<p style=\"text-align: center;\">A fines de la d\u00e9cada de los 90, luego de un per\u00edodo de penetraci\u00f3n del mercado y la entrada de productos importados en el pa\u00eds, dos empresarios paulistas compraron la marca e insistieron en rescatar el concepto \u201cartesanal\u201d presente desde el inicio de la fabricaci\u00f3n de las mermeladas como una forma de preservar el verdadero sabor que brinda la naturaleza.<\/p>\n<div id=\"attachment_1743\" style=\"width: 181px\" class=\"wp-caption aligncenter\"><img loading=\"lazy\" decoding=\"async\" aria-describedby=\"caption-attachment-1743\" class=\"wp-image-1743 size-full\" src=\"https:\/\/www.homemade.com.br\/wp-content\/uploads\/2021\/09\/controle-qualidade.jpg\" alt=\"Controle de Qualidade\" width=\"171\" height=\"257\" srcset=\"https:\/\/www.homemade.com.br\/wp-content\/uploads\/2021\/09\/controle-qualidade-80x80@2x.jpg 106w, https:\/\/www.homemade.com.br\/wp-content\/uploads\/2021\/09\/controle-qualidade.jpg 171w\" sizes=\"auto, (max-width: 380px) 222.22222222222vw,(max-width: 500px) 292.39766081871vw,(max-width: 660px) 385.9649122807vw,(max-width: 800px) 467.83625730994vw,171px\" \/><p id=\"caption-attachment-1743\" class=\"wp-caption-text\">Control de calidad<\/p><\/div>\n<p style=\"text-align: center;\">Homemade trabaja para fortalecer cada vez m\u00e1s la relaci\u00f3n de amistad y confianza que tiene con sus clientes. Por eso, el servicio especial, la calidad y la variedad de productos siguen siendo nuestros grandes diferenciales.<\/p>\n<div id=\"attachment_1742\" style=\"width: 310px\" class=\"wp-caption aligncenter\"><img loading=\"lazy\" decoding=\"async\" aria-describedby=\"caption-attachment-1742\" class=\"size-medium wp-image-1742\" src=\"https:\/\/www.homemade.com.br\/wp-content\/uploads\/2021\/09\/geleia-300x199.png\" alt=\"\" width=\"300\" height=\"199\" srcset=\"https:\/\/www.homemade.com.br\/wp-content\/uploads\/2021\/09\/geleia-80x80@2x.png 160w, https:\/\/www.homemade.com.br\/wp-content\/uploads\/2021\/09\/geleia-150x150@2x.png 300w, https:\/\/www.homemade.com.br\/wp-content\/uploads\/2021\/09\/geleia-380x252.png 380w, https:\/\/www.homemade.com.br\/wp-content\/uploads\/2021\/09\/geleia-500x331.png 500w, https:\/\/www.homemade.com.br\/wp-content\/uploads\/2021\/09\/geleia-300x199@2x.png 600w, https:\/\/www.homemade.com.br\/wp-content\/uploads\/2021\/09\/geleia.png 637w\" sizes=\"auto, (max-width: 380px) 126.66666666667vw,(max-width: 500px) 166.66666666667vw,(max-width: 660px) 220vw,(max-width: 800px) 266.66666666667vw,300px\" \/><p id=\"caption-attachment-1742\" class=\"wp-caption-text\">Mermeladas listas en casa<\/p><\/div>\n<p>[\/vc_column_text][\/vc_column][\/vc_row][vc_row top_padding=\u00bb20&#8243; bottom_padding=\u00bb60&#8243; row_id=\u00bbvisao-valores\u00bb][vc_column el_class=\u00bbblock-val\u00bb animation=\u00bbfade-in-from-left\u00bb bg_color=\u00bb#8a020c\u00bb width=\u00bb1\/3&#8243; delay=\u00bb500&#8243;]<h3 class=\"headline font-special fontsize-m fontweight-600 lh-inherit align-center transform-inherit titulo-quem\" style=\"margin: 0 0 20px 0; color: #ffffff;\">Misi\u00f3n<\/h3>[vc_column_text css_animation=\u00bbfadeIn\u00bb el_class=\u00bbdescricao\u00bb]<\/p>\n<p style=\"text-align: center; color: white;\">Hacer la vida m\u00e1s dulce. Brindar a las personas momentos m\u00e1s felices y saludables, haciendo que su vida diaria tenga un sabor especial.<\/p>\n<p>[\/vc_column_text][\/vc_column][vc_column el_class=\u00bbblock-val\u00bb animation=\u00bbfade-in\u00bb bg_color=\u00bb#8a020c\u00bb width=\u00bb1\/3&#8243; delay=\u00bb300&#8243;]<h3 class=\"headline font-special fontsize-m fontweight-600 lh-inherit align-center transform-inherit titulo-quem\" style=\"margin: 0 0 20px 0; color: #ffffff;\">Visi\u00f3n<\/h3>[vc_column_text css_animation=\u00bbfadeIn\u00bb el_class=\u00bbdescricao\u00bb]<\/p>\n<p style=\"text-align: center; color: white;\">Ser reconocidos como una de las mejores marcas de Alimentos (Dulces) del mundo.<\/p>\n<p>[\/vc_column_text][\/vc_column][vc_column el_class=\u00bbblock-val\u00bb animation=\u00bbfade-in-from-right\u00bb bg_color=\u00bb#8a020c\u00bb width=\u00bb1\/3&#8243; delay=\u00bb600&#8243;]<h3 class=\"headline font-special fontsize-m fontweight-600 lh-inherit align-center transform-inherit titulo-quem\" style=\"margin: 0 0 20px 0; color: #ffffff;\">Valores<\/h3>[vc_column_text css_animation=\u00bbfadeIn\u00bb el_class=\u00bbdescricao\u00bb]<\/p>\n<p style=\"text-align: center; color: white;\">\u00c9tica, Credibilidad, Respeto, Transparencia, Innovaci\u00f3n y Emprendimiento.<\/p>\n<p>[\/vc_column_text][\/vc_column][\/vc_row][vc_row top_padding=\u00bb50&#8243; row_id=\u00bbprocesso-de-producao\u00bb][vc_column el_class=\u00bbblock-r-proc\u00bb animation=\u00bbfade-in-from-bottom\u00bb width=\u00bb1\/6&#8243; delay=\u00bb500&#8243;][\/vc_column][vc_column width=\u00bb2\/3&#8243;]<div class=\"single_image wpb_content_element align-center  animate   img-producao\" data-animation=\"fade-in\" data-delay=\"300\"><img loading=\"lazy\" decoding=\"async\" width=\"368\" height=\"128\" src=\"https:\/\/www.homemade.com.br\/wp-content\/uploads\/2022\/06\/proceso.jpg\" class=\"attachment-full\" alt=\"\" srcset=\"https:\/\/www.homemade.com.br\/wp-content\/uploads\/2022\/06\/proceso-300x104.jpg 300w, https:\/\/www.homemade.com.br\/wp-content\/uploads\/2022\/06\/proceso.jpg 368w\" sizes=\"auto, (max-width: 380px) 103.26086956522vw,(max-width: 500px) 135.86956521739vw,(max-width: 660px) 179.34782608696vw,(max-width: 800px) 217.39130434783vw,368px\" \/><\/div>[vc_column_text css_animation=\u00bbfadeIn\u00bb el_class=\u00bbdescricao-block-prod\u00bb]<\/p>\n<p style=\"text-align: center;\">El proceso de fabricaci\u00f3n cuenta con empleados capacitados, instalaciones s\u00f3lidas, sanitarias adecuadas y dise\u00f1adas para que su flujo de operaciones se pueda realizar con altos est\u00e1ndares de higiene en todo el proceso productivo. Seleccionamos cada fruta, antes de ser procesada y mezclada con ingredientes que hacen que cada una sea \u00fanico y especial para ti. Todos estos cuidados dan como resultado una mermelada deliciosa, rica en trozos de fruta y con un sabor natural.<\/p>\n<div id=\"attachment_1749\" style=\"width: 310px\" class=\"wp-caption aligncenter\"><img loading=\"lazy\" decoding=\"async\" aria-describedby=\"caption-attachment-1749\" class=\"size-medium wp-image-1749\" src=\"https:\/\/www.homemade.com.br\/wp-content\/uploads\/2021\/09\/morangos-300x200.jpg\" alt=\"\" width=\"300\" height=\"200\" srcset=\"https:\/\/www.homemade.com.br\/wp-content\/uploads\/2021\/09\/morangos-80x80@2x.jpg 160w, https:\/\/www.homemade.com.br\/wp-content\/uploads\/2021\/09\/morangos-300x200.jpg 300w, https:\/\/www.homemade.com.br\/wp-content\/uploads\/2021\/09\/morangos-380x254.jpg 380w, https:\/\/www.homemade.com.br\/wp-content\/uploads\/2021\/09\/morangos.jpg 433w\" sizes=\"auto, (max-width: 380px) 126.66666666667vw,(max-width: 500px) 166.66666666667vw,(max-width: 660px) 220vw,(max-width: 800px) 266.66666666667vw,300px\" \/><p id=\"caption-attachment-1749\" class=\"wp-caption-text\">Fresas congeladas antes de hervir<\/p><\/div>\n<p style=\"text-align: center;\">HOMEMADE tiene como objetivo proveer productos de la m\u00e1s alta calidad a cada consumidor. El principal diferencial de nuestros productos es la b\u00fasqueda de preservar el verdadero sabor que brinda la naturaleza.<\/p>\n<div id=\"attachment_1748\" style=\"width: 310px\" class=\"wp-caption aligncenter\"><img loading=\"lazy\" decoding=\"async\" aria-describedby=\"caption-attachment-1748\" class=\"size-medium wp-image-1748\" src=\"https:\/\/www.homemade.com.br\/wp-content\/uploads\/2021\/09\/processo-geleia-300x200.jpg\" alt=\"\" width=\"300\" height=\"200\" srcset=\"https:\/\/www.homemade.com.br\/wp-content\/uploads\/2021\/09\/processo-geleia-80x80@2x.jpg 160w, https:\/\/www.homemade.com.br\/wp-content\/uploads\/2021\/09\/processo-geleia-150x150@2x.jpg 300w, https:\/\/www.homemade.com.br\/wp-content\/uploads\/2021\/09\/processo-geleia-380x254.jpg 380w, https:\/\/www.homemade.com.br\/wp-content\/uploads\/2021\/09\/processo-geleia-500x334.jpg 500w, https:\/\/www.homemade.com.br\/wp-content\/uploads\/2021\/09\/processo-geleia.jpg 550w\" sizes=\"auto, (max-width: 380px) 126.66666666667vw,(max-width: 500px) 166.66666666667vw,(max-width: 660px) 220vw,(max-width: 800px) 266.66666666667vw,300px\" \/><p id=\"caption-attachment-1748\" class=\"wp-caption-text\">Proceso de producci\u00f3n de mermelada de mora premium<\/p><\/div>\n<p style=\"text-align: center;\">El control de calidad est\u00e1 presente desde la elecci\u00f3n de la materia prima, que se selecciona rigurosamente, hasta la fabricaci\u00f3n del producto final. Para ello, contamos con un equipo t\u00e9cnico especializado y seguimos estrictamente los principios HACCP, An\u00e1lisis de Peligros y Puntos Cr\u00edticos de Control (APPCC), encargados de evaluar la calidad e inocuidad de los alimentos, as\u00ed como el Manual de Buenas Pr\u00e1cticas de Manufactura GMP, con est\u00e1ndares de procedimientos.<\/p>\n<div id=\"attachment_1747\" style=\"width: 310px\" class=\"wp-caption aligncenter\"><img loading=\"lazy\" decoding=\"async\" aria-describedby=\"caption-attachment-1747\" class=\"size-medium wp-image-1747\" src=\"https:\/\/www.homemade.com.br\/wp-content\/uploads\/2021\/09\/potes-distribuidos-300x200.jpg\" alt=\"\" width=\"300\" height=\"200\" srcset=\"https:\/\/www.homemade.com.br\/wp-content\/uploads\/2021\/09\/potes-distribuidos-80x80@2x.jpg 160w, https:\/\/www.homemade.com.br\/wp-content\/uploads\/2021\/09\/potes-distribuidos-300x200.jpg 300w, https:\/\/www.homemade.com.br\/wp-content\/uploads\/2021\/09\/potes-distribuidos-380x253.jpg 380w, https:\/\/www.homemade.com.br\/wp-content\/uploads\/2021\/09\/potes-distribuidos.jpg 416w\" sizes=\"auto, (max-width: 380px) 126.66666666667vw,(max-width: 500px) 166.66666666667vw,(max-width: 660px) 220vw,(max-width: 800px) 266.66666666667vw,300px\" \/><p id=\"caption-attachment-1747\" class=\"wp-caption-text\">Ollas al vapor, antes de ser distribuidas.<\/p><\/div>\n<p>[\/vc_column_text][\/vc_column][\/vc_row][vc_row type=\u00bbfull_width_section\u00bb class=\u00bbblobk-posit\u00bb][vc_column width=\u00bb1\/2&#8243;]<div class=\"single_image wpb_content_element align-left  animate   block-left-quemsomos\" data-animation=\"fade-in-from-right\" data-delay=\"800\"><img loading=\"lazy\" decoding=\"async\" width=\"312\" height=\"638\" src=\"https:\/\/www.homemade.com.br\/wp-content\/uploads\/2021\/05\/quem_ob1.png\" class=\"attachment-full\" alt=\"\" srcset=\"https:\/\/www.homemade.com.br\/wp-content\/uploads\/2021\/05\/quem_ob1-147x300.png 147w, https:\/\/www.homemade.com.br\/wp-content\/uploads\/2021\/05\/quem_ob1.png 312w\" sizes=\"auto, (max-width: 380px) 121.79487179487vw,(max-width: 500px) 160.25641025641vw,(max-width: 660px) 211.53846153846vw,(max-width: 800px) 256.41025641026vw,312px\" \/><\/div>[\/vc_column][vc_column width=\u00bb1\/2&#8243;]<div class=\"single_image wpb_content_element align-right  animate   block-right-quemsomos\" data-animation=\"fade-in-from-right\" data-delay=\"800\"><img loading=\"lazy\" decoding=\"async\" width=\"408\" height=\"828\" src=\"https:\/\/www.homemade.com.br\/wp-content\/uploads\/2021\/05\/quem_ob2.png\" class=\"attachment-full\" alt=\"\" srcset=\"https:\/\/www.homemade.com.br\/wp-content\/uploads\/2021\/05\/quem_ob2-148x300.png 148w, https:\/\/www.homemade.com.br\/wp-content\/uploads\/2021\/05\/quem_ob2.png 408w\" sizes=\"auto, (max-width: 380px) 93.137254901961vw,(max-width: 500px) 122.54901960784vw,(max-width: 660px) 161.76470588235vw,(max-width: 800px) 196.07843137255vw,408px\" \/><\/div>[\/vc_column][\/vc_row]<\/p>\n","protected":false},"excerpt":{"rendered":"<p>[vc_row type=\u00bbfull_width_section\u00bb row_id=\u00bbbanner_quem_somos\u00bb][vc_column][\/vc_column][\/vc_row][vc_row bottom_padding=\u00bb60&#8243; row_id=\u00bbhistoria\u00bb][vc_column animation=\u00bbfade-in-from-right\u00bb width=\u00bb1\/1&#8243; delay=\u00bb500&#8243;][vc_column_text css_animation=\u00bbfadeIn\u00bb el_class=\u00bbdescricao\u00bb] La tradici\u00f3n y experiencia de Homemade en el rubro de las mermeladas caseras marca la diferencia a la hora de ofrecerte los mejores productos. En el mercado desde 1968, la marca fue fundada por el Bar\u00f3n Von Leitner, responsable de crear la receta en su sitio ubicado en Campos do Jord\u00e3o, en la regi\u00f3n monta\u00f1osa del estado de S\u00e3o Paulo. El \u00e9xito de la receta fue tan grande que varias tiendas de delicatessen empezaron a interesarse por las deliciosas mermeladas que elaboraba el Bar\u00f3n. Debido a esto, en poco tiempo, la mermelada casera gan\u00f3 clientes en todo el estado y la empresa comenz\u00f3 a expandir su distribuci\u00f3n en todo el pa\u00eds. A fines de la d\u00e9cada de los 90, luego de un per\u00edodo de penetraci\u00f3n del mercado y la entrada de productos importados en el pa\u00eds, dos empresarios paulistas compraron la marca e insistieron en rescatar el concepto \u201cartesanal\u201d presente desde el inicio de la fabricaci\u00f3n de las mermeladas como una forma de preservar el verdadero sabor que brinda la naturaleza. Homemade trabaja para fortalecer cada vez m\u00e1s la relaci\u00f3n de amistad y confianza que tiene con sus clientes. Por [&hellip;]<\/p>\n","protected":false},"author":1,"featured_media":0,"parent":0,"menu_order":0,"comment_status":"closed","ping_status":"closed","template":"","meta":{"footnotes":""},"class_list":["post-2695","page","type-page","status-publish","hentry"],"_links":{"self":[{"href":"https:\/\/www.homemade.com.br\/es\/wp-json\/wp\/v2\/pages\/2695","targetHints":{"allow":["GET"]}}],"collection":[{"href":"https:\/\/www.homemade.com.br\/es\/wp-json\/wp\/v2\/pages"}],"about":[{"href":"https:\/\/www.homemade.com.br\/es\/wp-json\/wp\/v2\/types\/page"}],"author":[{"embeddable":true,"href":"https:\/\/www.homemade.com.br\/es\/wp-json\/wp\/v2\/users\/1"}],"replies":[{"embeddable":true,"href":"https:\/\/www.homemade.com.br\/es\/wp-json\/wp\/v2\/comments?post=2695"}],"version-history":[{"count":17,"href":"https:\/\/www.homemade.com.br\/es\/wp-json\/wp\/v2\/pages\/2695\/revisions"}],"predecessor-version":[{"id":3239,"href":"https:\/\/www.homemade.com.br\/es\/wp-json\/wp\/v2\/pages\/2695\/revisions\/3239"}],"wp:attachment":[{"href":"https:\/\/www.homemade.com.br\/es\/wp-json\/wp\/v2\/media?parent=2695"}],"curies":[{"name":"wp","href":"https:\/\/api.w.org\/{rel}","templated":true}]}}