{"id":2693,"date":"2021-01-28T12:36:53","date_gmt":"2021-01-28T15:36:53","guid":{"rendered":"https:\/\/www.homemade.com.br\/caramelizado\/"},"modified":"2024-12-20T18:33:30","modified_gmt":"2024-12-20T21:33:30","slug":"caramelizado","status":"publish","type":"page","link":"https:\/\/www.homemade.com.br\/es\/caramelizado\/","title":{"rendered":"Caramelizado"},"content":{"rendered":"<p>[vc_row top_padding=\u00bb40&#8243;][vc_column width=\u00bb1\/1&#8243;]<h3 class=\"headline font-inherit fontsize-inherit fontweight-inherit lh-inherit align-center transform-inherit titulo-2\" style=\"margin: 0 0 20px 0; color: #991b1e;\">Caramelizado<\/h3>[\/vc_column][\/vc_row][vc_row bottom_padding=\u00bb50&#8243;][vc_column animation=\u00bbfade-in\u00bb width=\u00bb4\/6&#8243; delay=\u00bb300&#8243;][vc_column_text css_animation=\u00bbfadeIn\u00bb el_class=\u00bbdescri-int-prod\u00bb]<\/p>\n<p style=\"text-align: center;\">Innovamos creando productos que van m\u00e1s all\u00e1 de los dulces momentos de tu d\u00eda. Los productos caramelizados se combinan con carnes, pescados y aves.<\/p>\n<p style=\"text-align: center;\"><strong>CEBOLLA CARAMELIZADA:<\/strong><br \/>\nIdeal para quienes disfrutan de un sabor agridulce en las comidas, la Cebolla Caramelizada Homemade es un excelente condimento para platos, acompa\u00f1amiento de carnes, comidas asadas, porciones variadas y preparaciones de s\u00e1ndwiches.<\/p>\n<p style=\"text-align: center;\"><strong>JALEA CON SABOR DE TOCINO VEGANA<\/strong><br \/>\nLa inusual jalea con sabor a tocino vegano tiene un sabor peculiar y una textura excepcional. Va muy bien con carnes a la brasa, verduras asadas y quesos gratinados.<\/p>\n<p>[\/vc_column_text][\/vc_column][vc_column animation=\u00bbfade-in\u00bb width=\u00bb1\/3&#8243; delay=\u00bb300&#8243;]<div class=\"imagebox wpb_content_element style-1\"><div class=\"imagebox-img\"><img decoding=\"async\" src=\"https:\/\/www.homemade.com.br\/wp-content\/uploads\/2024\/12\/caramelizados-3.jpg\" alt=\"\" \/><\/div><\/div>[\/vc_column][\/vc_row][vc_row type=\u00bbfull_width_section\u00bb top_padding=\u00bb40&#8243;][vc_column width=\u00bb1\/1&#8243;]<h3 class=\"headline font-inherit fontsize-inherit fontweight-inherit lh-inherit align-center transform-inherit titulo-2 ti-prod\" style=\"margin: 0 0 20px 0; color: #991b1e;\">Sabores<\/h3>[\/vc_column][\/vc_row][vc_row top_padding=\u00bb30&#8243; bottom_padding=\u00bb40&#8243; class=\u00bbbox-prod-list\u00bb][vc_column width=\u00bb1\/4&#8243;][\/vc_column][vc_column width=\u00bb1\/4&#8243;]<div class=\"imagebox wpb_content_element style-1\"><div class=\"imagebox-img\"><a href='https:\/\/www.homemade.com.br\/wp-content\/uploads\/2024\/01\/Cebola-caramelizada.jpg'><img decoding=\"async\" src=\"https:\/\/www.homemade.com.br\/wp-content\/uploads\/2024\/01\/Cebola-caramelizada.jpg\" alt=\"\" \/><\/a><\/div>\n<p style=\"text-align: center;\"><strong>Cebolla Caramelizada<\/strong><\/p>\n<\/div>[\/vc_column][vc_column width=\u00bb1\/4&#8243;]<div class=\"imagebox wpb_content_element style-1\"><div class=\"imagebox-img\"><a href='https:\/\/www.homemade.com.br\/wp-content\/uploads\/2024\/01\/Geleia-sabor-Bacon.jpg'><img decoding=\"async\" src=\"https:\/\/www.homemade.com.br\/wp-content\/uploads\/2024\/01\/Geleia-sabor-Bacon.jpg\" alt=\"\" \/><\/a><\/div>\n<p style=\"text-align: center;\"><strong>Gelatina sabor a Tocino Vegano<\/strong><\/p>\n<\/div>[\/vc_column][vc_column width=\u00bb1\/4&#8243;][\/vc_column][\/vc_row]<\/p>\n","protected":false},"excerpt":{"rendered":"<p>[vc_row top_padding=\u00bb40&#8243;][vc_column width=\u00bb1\/1&#8243;][\/vc_column][\/vc_row][vc_row bottom_padding=\u00bb50&#8243;][vc_column animation=\u00bbfade-in\u00bb width=\u00bb4\/6&#8243; delay=\u00bb300&#8243;][vc_column_text css_animation=\u00bbfadeIn\u00bb el_class=\u00bbdescri-int-prod\u00bb] Innovamos creando productos que van m\u00e1s all\u00e1 de los dulces momentos de tu d\u00eda. Los productos caramelizados se combinan con carnes, pescados y aves. CEBOLLA CARAMELIZADA: Ideal para quienes disfrutan de un sabor agridulce en las comidas, la Cebolla Caramelizada Homemade es un excelente condimento para platos, acompa\u00f1amiento de carnes, comidas asadas, porciones variadas y preparaciones de s\u00e1ndwiches. JALEA CON SABOR DE TOCINO VEGANA La inusual jalea con sabor a tocino vegano tiene un sabor peculiar y una textura excepcional. Va muy bien con carnes a la brasa, verduras asadas y quesos gratinados. [\/vc_column_text][\/vc_column][vc_column animation=\u00bbfade-in\u00bb width=\u00bb1\/3&#8243; delay=\u00bb300&#8243;][\/vc_column][\/vc_row][vc_row type=\u00bbfull_width_section\u00bb top_padding=\u00bb40&#8243;][vc_column width=\u00bb1\/1&#8243;][\/vc_column][\/vc_row][vc_row top_padding=\u00bb30&#8243; bottom_padding=\u00bb40&#8243; class=\u00bbbox-prod-list\u00bb][vc_column width=\u00bb1\/4&#8243;][\/vc_column][vc_column width=\u00bb1\/4&#8243;][\/vc_column][vc_column width=\u00bb1\/4&#8243;][\/vc_column][vc_column width=\u00bb1\/4&#8243;][\/vc_column][\/vc_row]<\/p>\n","protected":false},"author":1,"featured_media":0,"parent":0,"menu_order":0,"comment_status":"closed","ping_status":"closed","template":"","meta":{"footnotes":""},"class_list":["post-2693","page","type-page","status-publish","hentry"],"_links":{"self":[{"href":"https:\/\/www.homemade.com.br\/es\/wp-json\/wp\/v2\/pages\/2693","targetHints":{"allow":["GET"]}}],"collection":[{"href":"https:\/\/www.homemade.com.br\/es\/wp-json\/wp\/v2\/pages"}],"about":[{"href":"https:\/\/www.homemade.com.br\/es\/wp-json\/wp\/v2\/types\/page"}],"author":[{"embeddable":true,"href":"https:\/\/www.homemade.com.br\/es\/wp-json\/wp\/v2\/users\/1"}],"replies":[{"embeddable":true,"href":"https:\/\/www.homemade.com.br\/es\/wp-json\/wp\/v2\/comments?post=2693"}],"version-history":[{"count":22,"href":"https:\/\/www.homemade.com.br\/es\/wp-json\/wp\/v2\/pages\/2693\/revisions"}],"predecessor-version":[{"id":4098,"href":"https:\/\/www.homemade.com.br\/es\/wp-json\/wp\/v2\/pages\/2693\/revisions\/4098"}],"wp:attachment":[{"href":"https:\/\/www.homemade.com.br\/es\/wp-json\/wp\/v2\/media?parent=2693"}],"curies":[{"name":"wp","href":"https:\/\/api.w.org\/{rel}","templated":true}]}}