{"id":2692,"date":"2021-01-27T14:39:59","date_gmt":"2021-01-27T17:39:59","guid":{"rendered":"https:\/\/www.homemade.com.br\/jalea-cero\/"},"modified":"2025-01-09T08:20:52","modified_gmt":"2025-01-09T11:20:52","slug":"mermeladas-cero","status":"publish","type":"page","link":"https:\/\/www.homemade.com.br\/es\/mermeladas-cero\/","title":{"rendered":"Mermeladas Cero"},"content":{"rendered":"<p>[vc_row top_padding=\u00bb30&#8243;][vc_column width=\u00bb1\/1&#8243;]<h3 class=\"headline font-inherit fontsize-inherit fontweight-inherit lh-inherit align-center transform-inherit titulo-2\" style=\"margin: 0 0 20px 0; color: #991b1e;\">Mermeladas Cero<\/h3>[\/vc_column][\/vc_row][vc_row bottom_padding=\u00bb50&#8243;][vc_column animation=\u00bbfade-in\u00bb width=\u00bb4\/6&#8243; delay=\u00bb300&#8243;][vc_column_text css_animation=\u00bbfadeIn\u00bb el_class=\u00bbdescri-int-prod\u00bb]<\/p>\n<p style=\"text-align: center;\">Todo el sabor de la fruta con CERO az\u00facar.<\/p>\n<p style=\"text-align: center;\">Presentamos Mermeladas Homemade CERO. Con dise\u00f1o exclusivo, desarrollado especialmente para rescatar la tradici\u00f3n \u00abartesanal\u00bb. El nuevo envase es diferenciado y cautivador: frasco de vidrio con formato \u00fanico inspirado en la olla de cobre, donde se producen las mermeladas en la f\u00e1brica, con la adici\u00f3n de una manija de metal de acero como accesorio, que le da al conjunto un tono original, funcional, encantador y sofisticado, logrando transmitir el prestigio y la autenticidad de la marca HOMEMADE.<\/p>\n<p style=\"text-align: center;\">Como esas viejas recetas familiares que perduran a trav\u00e9s de generaciones, nuestros productos mantienen la receta original de 1968. Una deliciosa tradici\u00f3n que queremos conservar.<\/p>\n<p style=\"text-align: center;\">Mermeladas ricas en trozos de fruta, sin adici\u00f3n de az\u00facar y con hasta un 80% menos calor\u00edas en comparaci\u00f3n con las mermeladas tradicionales, para acercar al consumidor lo mejor en sabor, calidad y nutrici\u00f3n.<br \/>\nMermeladas caseras CERO. Hecho en nuestro hogar especialmente para ti!<\/p>\n<p>[\/vc_column_text][\/vc_column][vc_column animation=\u00bbfade-in\u00bb width=\u00bb1\/3&#8243; delay=\u00bb300&#8243;]<div class=\"imagebox wpb_content_element style-1\"><div class=\"imagebox-img\"><img decoding=\"async\" src=\"https:\/\/www.homemade.com.br\/wp-content\/uploads\/2025\/01\/zero-espanhol.jpg\" alt=\"\" \/><\/div><\/div>[\/vc_column][\/vc_row][vc_row type=\u00bbfull_width_section\u00bb top_padding=\u00bb40&#8243;][vc_column width=\u00bb1\/1&#8243;]<h3 class=\"headline font-inherit fontsize-inherit fontweight-inherit lh-inherit align-center transform-inherit titulo-2 ti-prod\" style=\"margin: 0 0 20px 0; color: #991b1e;\">Sabores<\/h3>[\/vc_column][\/vc_row][vc_row top_padding=\u00bb30&#8243; bottom_padding=\u00bb40&#8243; class=\u00bbbox-prod-list\u00bb][vc_column width=\u00bb1\/3&#8243;]<div class=\"imagebox wpb_content_element style-1\"><div class=\"imagebox-img\"><a href='https:\/\/www.homemade.com.br\/wp-content\/uploads\/2025\/01\/Geleia-Zero-Morango-sombra.jpg'><img decoding=\"async\" src=\"https:\/\/www.homemade.com.br\/wp-content\/uploads\/2025\/01\/Geleia-Zero-Morango-sombra.jpg\" alt=\"\" \/><\/a><\/div>\n<p style=\"text-align: center;\"><strong>Mermelada de Frutilla Cero<\/strong><\/p>\n<\/div>[\/vc_column][vc_column width=\u00bb1\/3&#8243;]<div class=\"imagebox wpb_content_element style-1\"><div class=\"imagebox-img\"><a href='https:\/\/www.homemade.com.br\/wp-content\/uploads\/2025\/01\/Geleia-Zero-Amora-sombra.jpg'><img decoding=\"async\" src=\"https:\/\/www.homemade.com.br\/wp-content\/uploads\/2025\/01\/Geleia-Zero-Amora-sombra.jpg\" alt=\"\" \/><\/a><\/div>\n<p style=\"text-align: center;\"><strong>Mermelada de Ar\u00e1ndano Cero<\/strong><\/p>\n<\/div>[\/vc_column][vc_column width=\u00bb1\/3&#8243;]<div class=\"imagebox wpb_content_element style-1\"><div class=\"imagebox-img\"><a href='https:\/\/www.homemade.com.br\/wp-content\/uploads\/2024\/12\/zero-vermelha-v2.jpg'><img decoding=\"async\" src=\"https:\/\/www.homemade.com.br\/wp-content\/uploads\/2024\/12\/zero-vermelha-v2.jpg\" alt=\"\" \/><\/a><\/div>\n<p style=\"text-align: center;\"><strong>Mermelada de Frutas Rojas Cero<\/strong><\/p>\n<\/div>[\/vc_column][\/vc_row][vc_row top_padding=\u00bb30&#8243; bottom_padding=\u00bb40&#8243; class=\u00bbbox-prod-list\u00bb][vc_column width=\u00bb1\/6&#8243;][\/vc_column][vc_column width=\u00bb1\/3&#8243;]<div class=\"imagebox wpb_content_element style-1\"><div class=\"imagebox-img\"><a href='https:\/\/www.homemade.com.br\/wp-content\/uploads\/2025\/01\/Geleia-Zero-Damasco-sombra.jpg'><img decoding=\"async\" src=\"https:\/\/www.homemade.com.br\/wp-content\/uploads\/2025\/01\/Geleia-Zero-Damasco-sombra.jpg\" alt=\"\" \/><\/a><\/div>\n<p style=\"text-align: center;\"><strong>Mermelada de Damasco Cero<\/strong><\/p>\n<\/div>[\/vc_column][vc_column width=\u00bb1\/3&#8243;]<div class=\"imagebox wpb_content_element style-1\"><div class=\"imagebox-img\"><a href='https:\/\/www.homemade.com.br\/wp-content\/uploads\/2024\/12\/goiaba-zero.jpg'><img decoding=\"async\" src=\"https:\/\/www.homemade.com.br\/wp-content\/uploads\/2024\/12\/goiaba-zero.jpg\" alt=\"\" \/><\/a><\/div>\n<p style=\"text-align: center;\"><strong>Mermelada de Guayaba Cero<\/strong><\/p>\n<\/div>[\/vc_column][vc_column width=\u00bb1\/6&#8243;][\/vc_column][\/vc_row]<\/p>\n","protected":false},"excerpt":{"rendered":"<p>[vc_row top_padding=\u00bb30&#8243;][vc_column width=\u00bb1\/1&#8243;][\/vc_column][\/vc_row][vc_row bottom_padding=\u00bb50&#8243;][vc_column animation=\u00bbfade-in\u00bb width=\u00bb4\/6&#8243; delay=\u00bb300&#8243;][vc_column_text css_animation=\u00bbfadeIn\u00bb el_class=\u00bbdescri-int-prod\u00bb] Todo el sabor de la fruta con CERO az\u00facar. Presentamos Mermeladas Homemade CERO. Con dise\u00f1o exclusivo, desarrollado especialmente para rescatar la tradici\u00f3n \u00abartesanal\u00bb. El nuevo envase es diferenciado y cautivador: frasco de vidrio con formato \u00fanico inspirado en la olla de cobre, donde se producen las mermeladas en la f\u00e1brica, con la adici\u00f3n de una manija de metal de acero como accesorio, que le da al conjunto un tono original, funcional, encantador y sofisticado, logrando transmitir el prestigio y la autenticidad de la marca HOMEMADE. Como esas viejas recetas familiares que perduran a trav\u00e9s de generaciones, nuestros productos mantienen la receta original de 1968. Una deliciosa tradici\u00f3n que queremos conservar. Mermeladas ricas en trozos de fruta, sin adici\u00f3n de az\u00facar y con hasta un 80% menos calor\u00edas en comparaci\u00f3n con las mermeladas tradicionales, para acercar al consumidor lo mejor en sabor, calidad y nutrici\u00f3n. Mermeladas caseras CERO. Hecho en nuestro hogar especialmente para ti! [\/vc_column_text][\/vc_column][vc_column animation=\u00bbfade-in\u00bb width=\u00bb1\/3&#8243; delay=\u00bb300&#8243;][\/vc_column][\/vc_row][vc_row type=\u00bbfull_width_section\u00bb top_padding=\u00bb40&#8243;][vc_column width=\u00bb1\/1&#8243;][\/vc_column][\/vc_row][vc_row top_padding=\u00bb30&#8243; bottom_padding=\u00bb40&#8243; class=\u00bbbox-prod-list\u00bb][vc_column width=\u00bb1\/3&#8243;][\/vc_column][vc_column width=\u00bb1\/3&#8243;][\/vc_column][vc_column width=\u00bb1\/3&#8243;][\/vc_column][\/vc_row][vc_row top_padding=\u00bb30&#8243; bottom_padding=\u00bb40&#8243; class=\u00bbbox-prod-list\u00bb][vc_column width=\u00bb1\/6&#8243;][\/vc_column][vc_column width=\u00bb1\/3&#8243;][\/vc_column][vc_column width=\u00bb1\/3&#8243;][\/vc_column][vc_column width=\u00bb1\/6&#8243;][\/vc_column][\/vc_row]<\/p>\n","protected":false},"author":1,"featured_media":0,"parent":0,"menu_order":0,"comment_status":"closed","ping_status":"closed","template":"","meta":{"footnotes":""},"class_list":["post-2692","page","type-page","status-publish","hentry"],"_links":{"self":[{"href":"https:\/\/www.homemade.com.br\/es\/wp-json\/wp\/v2\/pages\/2692","targetHints":{"allow":["GET"]}}],"collection":[{"href":"https:\/\/www.homemade.com.br\/es\/wp-json\/wp\/v2\/pages"}],"about":[{"href":"https:\/\/www.homemade.com.br\/es\/wp-json\/wp\/v2\/types\/page"}],"author":[{"embeddable":true,"href":"https:\/\/www.homemade.com.br\/es\/wp-json\/wp\/v2\/users\/1"}],"replies":[{"embeddable":true,"href":"https:\/\/www.homemade.com.br\/es\/wp-json\/wp\/v2\/comments?post=2692"}],"version-history":[{"count":27,"href":"https:\/\/www.homemade.com.br\/es\/wp-json\/wp\/v2\/pages\/2692\/revisions"}],"predecessor-version":[{"id":4179,"href":"https:\/\/www.homemade.com.br\/es\/wp-json\/wp\/v2\/pages\/2692\/revisions\/4179"}],"wp:attachment":[{"href":"https:\/\/www.homemade.com.br\/es\/wp-json\/wp\/v2\/media?parent=2692"}],"curies":[{"name":"wp","href":"https:\/\/api.w.org\/{rel}","templated":true}]}}