{"id":2244,"date":"2020-12-09T03:07:46","date_gmt":"2020-12-09T06:07:46","guid":{"rendered":"https:\/\/www.homemade.com.br\/contact\/"},"modified":"2026-04-10T09:14:39","modified_gmt":"2026-04-10T12:14:39","slug":"contact","status":"publish","type":"page","link":"https:\/\/www.homemade.com.br\/en\/contact\/","title":{"rendered":"Contact"},"content":{"rendered":"<p>[vc_row top_padding=&#8221;40&#8243; bottom_padding=&#8221;40&#8243; row_id=&#8221;contato&#8221;][vc_column animation=&#8221;fade-in-from-left&#8221; width=&#8221;2\/3&#8243; delay=&#8221;500&#8243;][vc_tta_tabs][vc_tta_section title=&#8221;Questions and Suggestions&#8221; tab_id=&#8221;duvidas-e-sugestoes&#8221;]\n<div class=\"wpcf7 no-js\" id=\"wpcf7-f2953-o1\" lang=\"en-US\" dir=\"ltr\" data-wpcf7-id=\"2953\">\n<div class=\"screen-reader-response\"><p role=\"status\" aria-live=\"polite\" aria-atomic=\"true\"><\/p> <ul><\/ul><\/div>\n<form action=\"\/en\/wp-json\/wp\/v2\/pages\/2244#wpcf7-f2953-o1\" method=\"post\" class=\"wpcf7-form init\" aria-label=\"Contact form\" novalidate=\"novalidate\" data-status=\"init\">\n<fieldset class=\"hidden-fields-container\"><input type=\"hidden\" name=\"_wpcf7\" value=\"2953\" \/><input type=\"hidden\" name=\"_wpcf7_version\" value=\"6.1.5\" \/><input type=\"hidden\" name=\"_wpcf7_locale\" value=\"en_US\" \/><input type=\"hidden\" name=\"_wpcf7_unit_tag\" value=\"wpcf7-f2953-o1\" \/><input type=\"hidden\" name=\"_wpcf7_container_post\" value=\"0\" \/><input type=\"hidden\" name=\"_wpcf7_posted_data_hash\" value=\"\" \/><input type=\"hidden\" name=\"_wpcf7_recaptcha_response\" value=\"\" \/>\n<\/fieldset>\n<div class=\"col-md-12 box-in\">\n\t<p><label> Nome*: <\/label><span class=\"wpcf7-form-control-wrap\" data-name=\"your-name\"><input size=\"40\" maxlength=\"400\" class=\"wpcf7-form-control wpcf7-text wpcf7-validates-as-required\" aria-required=\"true\" aria-invalid=\"false\" value=\"\" type=\"text\" name=\"your-name\" \/><\/span>\n\t<\/p>\n<\/div>\n<div class=\"col-md-12 box-in\">\n\t<p><label> E-mail*:<\/label><span class=\"wpcf7-form-control-wrap\" data-name=\"your-email\"><input size=\"40\" maxlength=\"400\" class=\"wpcf7-form-control wpcf7-email wpcf7-validates-as-required wpcf7-text wpcf7-validates-as-email\" aria-required=\"true\" aria-invalid=\"false\" value=\"\" type=\"email\" name=\"your-email\" \/><\/span>\n\t<\/p>\n<\/div>\n<div class=\"col-md-12 box-in\">\n\t<p><label> Telefone*:<\/label><span class=\"wpcf7-form-control-wrap\" data-name=\"your-telefone\"><input size=\"40\" maxlength=\"400\" class=\"wpcf7-form-control wpcf7-tel wpcf7-validates-as-required wpcf7-text wpcf7-validates-as-tel\" aria-required=\"true\" aria-invalid=\"false\" value=\"\" type=\"tel\" name=\"your-telefone\" \/><\/span>\n\t<\/p>\n<\/div>\n<div class=\"col-md-12 box-in\">\n\t<p><label> Envie sua d\u00favida ou sugest\u00e3o para n\u00f3s abaixo:<\/label><span class=\"wpcf7-form-control-wrap\" data-name=\"your-duvida\"><textarea cols=\"40\" rows=\"3\" maxlength=\"2000\" class=\"wpcf7-form-control wpcf7-textarea\" aria-invalid=\"false\" name=\"your-duvida\"><\/textarea><\/span>\n\t<\/p>\n<\/div>\n<p><input class=\"wpcf7-form-control wpcf7-submit has-spinner\" type=\"submit\" value=\"Enviar\" \/>\n<\/p><div class=\"wpcf7-response-output\" aria-hidden=\"true\"><\/div>\n<\/form>\n<\/div>\n<div class=\"single_image wpb_content_element align-right    mnt-6\" data-animation=\"none\" data-delay=\"0\"><img loading=\"lazy\" decoding=\"async\" class=\"\" src=\"https:\/\/www.homemade.com.br\/wp-content\/uploads\/2021\/04\/logo-150x55.png\" width=\"150\" height=\"55\" alt=\"logo\" title=\"logo\" \/><\/div>[\/vc_tta_section][vc_tta_section title=&#8221;Be our Partner&#8221; tab_id=&#8221;seja-nossos-parceiros&#8221;]\n<div class=\"wpcf7 no-js\" id=\"wpcf7-f2951-o2\" lang=\"en-US\" dir=\"ltr\" data-wpcf7-id=\"2951\">\n<div class=\"screen-reader-response\"><p role=\"status\" aria-live=\"polite\" aria-atomic=\"true\"><\/p> <ul><\/ul><\/div>\n<form action=\"\/en\/wp-json\/wp\/v2\/pages\/2244#wpcf7-f2951-o2\" method=\"post\" class=\"wpcf7-form init\" aria-label=\"Contact form\" novalidate=\"novalidate\" data-status=\"init\">\n<fieldset class=\"hidden-fields-container\"><input type=\"hidden\" name=\"_wpcf7\" value=\"2951\" \/><input type=\"hidden\" name=\"_wpcf7_version\" value=\"6.1.5\" \/><input type=\"hidden\" name=\"_wpcf7_locale\" value=\"en_US\" \/><input type=\"hidden\" name=\"_wpcf7_unit_tag\" value=\"wpcf7-f2951-o2\" \/><input type=\"hidden\" name=\"_wpcf7_container_post\" value=\"0\" \/><input type=\"hidden\" name=\"_wpcf7_posted_data_hash\" value=\"\" \/><input type=\"hidden\" name=\"_wpcf7_recaptcha_response\" value=\"\" \/>\n<\/fieldset>\n<div class=\"col-md-12 box-in\">\n\t<p><label> Nome*: <\/label><span class=\"wpcf7-form-control-wrap\" data-name=\"your-name\"><input size=\"40\" maxlength=\"400\" class=\"wpcf7-form-control wpcf7-text wpcf7-validates-as-required\" aria-required=\"true\" aria-invalid=\"false\" value=\"\" type=\"text\" name=\"your-name\" \/><\/span>\n\t<\/p>\n<\/div>\n<div class=\"col-md-12 box-in\">\n\t<p><label> E-mail*:<\/label><span class=\"wpcf7-form-control-wrap\" data-name=\"your-email\"><input size=\"40\" maxlength=\"400\" class=\"wpcf7-form-control wpcf7-email wpcf7-validates-as-required wpcf7-text wpcf7-validates-as-email\" aria-required=\"true\" aria-invalid=\"false\" value=\"\" type=\"email\" name=\"your-email\" \/><\/span>\n\t<\/p>\n<\/div>\n<div class=\"col-md-12 box-in\">\n\t<p><label> Telefone*:<\/label><span class=\"wpcf7-form-control-wrap\" data-name=\"your-telefone\"><input size=\"40\" maxlength=\"400\" class=\"wpcf7-form-control wpcf7-tel wpcf7-validates-as-required wpcf7-text wpcf7-validates-as-tel\" aria-required=\"true\" aria-invalid=\"false\" value=\"\" type=\"tel\" name=\"your-telefone\" \/><\/span>\n\t<\/p>\n<\/div>\n<div class=\"col-md-12 box-in\">\n\t<p><label> Envie as informa\u00e7\u00f5es sobre parcerias no campo abaixo*:<\/label><span class=\"wpcf7-form-control-wrap\" data-name=\"textarea-510\"><textarea cols=\"40\" rows=\"10\" maxlength=\"2000\" class=\"wpcf7-form-control wpcf7-textarea wpcf7-validates-as-required\" aria-required=\"true\" aria-invalid=\"false\" name=\"textarea-510\"><\/textarea><\/span>\n\t<\/p>\n<\/div>\n<p><input class=\"wpcf7-form-control wpcf7-submit has-spinner\" type=\"submit\" value=\"Enviar\" \/>\n<\/p><div class=\"wpcf7-response-output\" aria-hidden=\"true\"><\/div>\n<\/form>\n<\/div>\n<div class=\"single_image wpb_content_element align-right    mnt-6\" data-animation=\"none\" data-delay=\"0\"><img loading=\"lazy\" decoding=\"async\" class=\"\" src=\"https:\/\/www.homemade.com.br\/wp-content\/uploads\/2021\/04\/logo-150x55.png\" width=\"150\" height=\"55\" alt=\"logo\" title=\"logo\" \/><\/div>[\/vc_tta_section][vc_tta_section title=&#8221;Work with us&#8221; tab_id=&#8221;trabalho-conosco&#8221;]\n<div class=\"wpcf7 no-js\" id=\"wpcf7-f2955-o3\" lang=\"en-US\" dir=\"ltr\" data-wpcf7-id=\"2955\">\n<div class=\"screen-reader-response\"><p role=\"status\" aria-live=\"polite\" aria-atomic=\"true\"><\/p> <ul><\/ul><\/div>\n<form action=\"\/en\/wp-json\/wp\/v2\/pages\/2244#wpcf7-f2955-o3\" method=\"post\" class=\"wpcf7-form init\" aria-label=\"Contact form\" enctype=\"multipart\/form-data\" novalidate=\"novalidate\" data-status=\"init\">\n<fieldset class=\"hidden-fields-container\"><input type=\"hidden\" name=\"_wpcf7\" value=\"2955\" \/><input type=\"hidden\" name=\"_wpcf7_version\" value=\"6.1.5\" \/><input type=\"hidden\" name=\"_wpcf7_locale\" value=\"en_US\" \/><input type=\"hidden\" name=\"_wpcf7_unit_tag\" value=\"wpcf7-f2955-o3\" \/><input type=\"hidden\" name=\"_wpcf7_container_post\" value=\"0\" \/><input type=\"hidden\" name=\"_wpcf7_posted_data_hash\" value=\"\" \/><input type=\"hidden\" name=\"_wpcf7_recaptcha_response\" value=\"\" \/>\n<\/fieldset>\n<div class=\"col-md-12 box-in\">\n\t<p><label> Nome*: <\/label><span class=\"wpcf7-form-control-wrap\" data-name=\"your-name\"><input size=\"40\" maxlength=\"400\" class=\"wpcf7-form-control wpcf7-text wpcf7-validates-as-required\" aria-required=\"true\" aria-invalid=\"false\" value=\"\" type=\"text\" name=\"your-name\" \/><\/span>\n\t<\/p>\n<\/div>\n<div class=\"col-md-12 box-in\">\n\t<p><label> E-mail*:<\/label><span class=\"wpcf7-form-control-wrap\" data-name=\"your-email\"><input size=\"40\" maxlength=\"400\" class=\"wpcf7-form-control wpcf7-email wpcf7-validates-as-required wpcf7-text wpcf7-validates-as-email\" aria-required=\"true\" aria-invalid=\"false\" value=\"\" type=\"email\" name=\"your-email\" \/><\/span>\n\t<\/p>\n<\/div>\n<div class=\"col-md-12 box-in\">\n\t<p><label> Telefone*:<\/label><span class=\"wpcf7-form-control-wrap\" data-name=\"your-telefone\"><input size=\"40\" maxlength=\"400\" class=\"wpcf7-form-control wpcf7-tel wpcf7-validates-as-required wpcf7-text wpcf7-validates-as-tel\" aria-required=\"true\" aria-invalid=\"false\" value=\"\" type=\"tel\" name=\"your-telefone\" \/><\/span>\n\t<\/p>\n<\/div>\n<div class=\"col-md-12 box-in\">\n\t<p><label> Envie seu curr\u00edculo* (Word ou PDF):<\/label><span class=\"wpcf7-form-control-wrap\" data-name=\"your-arquivo\"><input size=\"40\" class=\"wpcf7-form-control wpcf7-file wpcf7-validates-as-required\" accept=\".pdf,.doc,.docx,.txt\" aria-required=\"true\" aria-invalid=\"false\" type=\"file\" name=\"your-arquivo\" \/><\/span>\n\t<\/p>\n<\/div>\n<p><input class=\"wpcf7-form-control wpcf7-submit has-spinner\" type=\"submit\" value=\"Enviar\" \/>\n<\/p><div class=\"wpcf7-response-output\" aria-hidden=\"true\"><\/div>\n<\/form>\n<\/div>\n<div class=\"single_image wpb_content_element align-right    mnt-6\" data-animation=\"none\" data-delay=\"0\"><img loading=\"lazy\" decoding=\"async\" class=\"\" src=\"https:\/\/www.homemade.com.br\/wp-content\/uploads\/2021\/04\/logo-150x55.png\" width=\"150\" height=\"55\" alt=\"logo\" title=\"logo\" \/><\/div>[\/vc_tta_section][\/vc_tta_tabs][\/vc_column][vc_column width=&#8221;1\/3&#8243;][vc_column_text css_animation=&#8221;fadeInRight&#8221; el_class=&#8221;descricao-contato&#8221;]<\/p>\n<h2 style=\"text-align: center;\">Questions and Suggestions.<\/h2>\n<p style=\"text-align: center;\">Send us your questions or suggestions<br \/>\nvia email:<br \/>\n<a href=\"mailto:homemade@homemade.com.br\">homemade@homemade.com.br<\/a><\/p>\n<p style=\"text-align: center;\">Homemade Alimentos Ltda.<br \/>\nR. Maria Soldeira Louren\u00e7on, 801 \u2013 Postal Code 13295-636<br \/>\nSanta J\u00falia \u2013 Itupeva \u2013 SP \u2013 Brazil<br \/>\nPhone: (11) 4496-4190<\/p>\n<p>[\/vc_column_text][\/vc_column][\/vc_row][vc_row type=&#8221;full_width_section&#8221; row_id=&#8221;map-contato&#8221;][vc_column animation=&#8221;fade-in-from-bottom&#8221; width=&#8221;1\/1&#8243; delay=&#8221;500&#8243;][vc_column_text]<iframe loading=\"lazy\" style=\"border: 0;\" src=\"https:\/\/www.google.com\/maps\/embed?pb=!1m18!1m12!1m3!1d3668.3102785324727!2d-47.05377268555381!3d-23.15887305273565!2m3!1f0!2f0!3f0!3m2!1i1024!2i768!4f13.1!3m3!1m2!1s0x94cf373677ef8c03%3A0xec87739b35320efb!2sHomemade%20Alimentos!5e0!3m2!1spt-BR!2sbr!4v1619185196128!5m2!1spt-BR!2sbr\" width=\"100%\" height=\"300\" allowfullscreen=\"allowfullscreen\"><\/iframe>[\/vc_column_text][\/vc_column][\/vc_row]<\/p>\n","protected":false},"excerpt":{"rendered":"<p>[vc_row top_padding=&#8221;40&#8243; bottom_padding=&#8221;40&#8243; row_id=&#8221;contato&#8221;][vc_column animation=&#8221;fade-in-from-left&#8221; width=&#8221;2\/3&#8243; delay=&#8221;500&#8243;][vc_tta_tabs][vc_tta_section title=&#8221;Questions and Suggestions&#8221; tab_id=&#8221;duvidas-e-sugestoes&#8221;][\/vc_tta_section][vc_tta_section title=&#8221;Be our Partner&#8221; tab_id=&#8221;seja-nossos-parceiros&#8221;][\/vc_tta_section][vc_tta_section title=&#8221;Work with us&#8221; tab_id=&#8221;trabalho-conosco&#8221;][\/vc_tta_section][\/vc_tta_tabs][\/vc_column][vc_column width=&#8221;1\/3&#8243;][vc_column_text css_animation=&#8221;fadeInRight&#8221; el_class=&#8221;descricao-contato&#8221;] Questions and Suggestions. Send us your questions or suggestions via email: homemade@homemade.com.br Homemade Alimentos Ltda. R. Maria Soldeira Louren\u00e7on, 801 \u2013 Postal Code 13295-636 Santa J\u00falia \u2013 Itupeva \u2013 SP \u2013 Brazil Phone: (11) 4496-4190 [\/vc_column_text][\/vc_column][\/vc_row][vc_row type=&#8221;full_width_section&#8221; row_id=&#8221;map-contato&#8221;][vc_column animation=&#8221;fade-in-from-bottom&#8221; width=&#8221;1\/1&#8243; delay=&#8221;500&#8243;][vc_column_text][\/vc_column_text][\/vc_column][\/vc_row]<\/p>\n","protected":false},"author":1,"featured_media":0,"parent":0,"menu_order":0,"comment_status":"closed","ping_status":"closed","template":"","meta":{"footnotes":""},"class_list":["post-2244","page","type-page","status-publish","hentry"],"_links":{"self":[{"href":"https:\/\/www.homemade.com.br\/en\/wp-json\/wp\/v2\/pages\/2244","targetHints":{"allow":["GET"]}}],"collection":[{"href":"https:\/\/www.homemade.com.br\/en\/wp-json\/wp\/v2\/pages"}],"about":[{"href":"https:\/\/www.homemade.com.br\/en\/wp-json\/wp\/v2\/types\/page"}],"author":[{"embeddable":true,"href":"https:\/\/www.homemade.com.br\/en\/wp-json\/wp\/v2\/users\/1"}],"replies":[{"embeddable":true,"href":"https:\/\/www.homemade.com.br\/en\/wp-json\/wp\/v2\/comments?post=2244"}],"version-history":[{"count":6,"href":"https:\/\/www.homemade.com.br\/en\/wp-json\/wp\/v2\/pages\/2244\/revisions"}],"predecessor-version":[{"id":4402,"href":"https:\/\/www.homemade.com.br\/en\/wp-json\/wp\/v2\/pages\/2244\/revisions\/4402"}],"wp:attachment":[{"href":"https:\/\/www.homemade.com.br\/en\/wp-json\/wp\/v2\/media?parent=2244"}],"curies":[{"name":"wp","href":"https:\/\/api.w.org\/{rel}","templated":true}]}}